{"id":10,"date":"2022-11-09T21:12:00","date_gmt":"2022-11-09T21:12:00","guid":{"rendered":"https:\/\/www.revista.investigacion-kankei.com\/?page_id=10"},"modified":"2025-09-19T22:34:31","modified_gmt":"2025-09-19T22:34:31","slug":"inicio","status":"publish","type":"page","link":"https:\/\/www.revista.investigacion-kankei.com\/","title":{"rendered":"Inicio"},"content":{"rendered":"\t\t<div data-elementor-type=\"wp-page\" data-elementor-id=\"10\" class=\"elementor elementor-10\" data-elementor-settings=\"[]\">\n\t\t\t\t\t\t\t<div class=\"elementor-section-wrap\">\n\t\t\t\t\t\t\t<section class=\"elementor-section elementor-top-section elementor-element elementor-element-cde15e2 elementor-section-boxed elementor-section-height-default elementor-section-height-default\" data-id=\"cde15e2\" data-element_type=\"section\">\n\t\t\t\t\t\t<div class=\"elementor-container elementor-column-gap-default\">\n\t\t\t\t\t<div class=\"elementor-column elementor-col-50 elementor-top-column elementor-element elementor-element-1ac797c\" data-id=\"1ac797c\" data-element_type=\"column\">\n\t\t\t<div class=\"elementor-widget-wrap elementor-element-populated\">\n\t\t\t\t\t\t\t\t<div class=\"elementor-element elementor-element-ab0cb00 elementor-widget elementor-widget-image\" data-id=\"ab0cb00\" data-element_type=\"widget\" data-widget_type=\"image.default\">\n\t\t\t\t<div class=\"elementor-widget-container\">\n\t\t\t\t\t\t\t\t\t\t\t\t\t\t\t<img width=\"609\" height=\"861\" src=\"https:\/\/www.revista.investigacion-kankei.com\/wp-content\/uploads\/2025\/09\/Portada1ok.png\" class=\"attachment-large size-large\" alt=\"\" loading=\"lazy\" srcset=\"https:\/\/www.revista.investigacion-kankei.com\/wp-content\/uploads\/2025\/09\/Portada1ok.png 609w, https:\/\/www.revista.investigacion-kankei.com\/wp-content\/uploads\/2025\/09\/Portada1ok-212x300.png 212w\" sizes=\"(max-width: 609px) 100vw, 609px\" \/>\t\t\t\t\t\t\t\t\t\t\t\t\t\t\t<\/div>\n\t\t\t\t<\/div>\n\t\t\t\t\t<\/div>\n\t\t<\/div>\n\t\t\t\t<div class=\"elementor-column elementor-col-50 elementor-top-column elementor-element elementor-element-b7ee1ec\" data-id=\"b7ee1ec\" data-element_type=\"column\">\n\t\t\t<div class=\"elementor-widget-wrap elementor-element-populated\">\n\t\t\t\t\t\t\t\t<div class=\"elementor-element elementor-element-1c6cc00 elementor-widget elementor-widget-text-editor\" data-id=\"1c6cc00\" data-element_type=\"widget\" data-widget_type=\"text-editor.default\">\n\t\t\t\t<div class=\"elementor-widget-container\">\n\t\t\t\t\t\t\t<h3 style=\"text-align: left;\"><span style=\"font-weight: normal;\"><strong>ISSN: 3114-912X (En l\u00ednea)<\/strong> \u00a0 \u00a0 \u00a0 \u00a0\u00a0<br \/>Familia, Interacci\u00f3n social, justicia, reparaci\u00f3n, violencias.<br \/>Scopus | Redalyc | Scielo | EBSCO | ProQuest<\/span><\/h3>\t\t\t\t\t\t<\/div>\n\t\t\t\t<\/div>\n\t\t\t\t<div class=\"elementor-element elementor-element-a484e90 elementor-widget elementor-widget-text-editor\" data-id=\"a484e90\" data-element_type=\"widget\" data-widget_type=\"text-editor.default\">\n\t\t\t\t<div class=\"elementor-widget-container\">\n\t\t\t\t\t\t\t<p><em><strong>KANKEI, Revista sobre familia e interacci\u00f3n social<\/strong><\/em>, es una publicaci\u00f3n del Grupo KANKEI, fruto del inter\u00e9s cient\u00edfico del Grupo de Investigaci\u00f3n Interdisciplinar \u201cPerspectiva psicojur\u00eddica del conflicto, la violencia y otras interacciones humanas\u201d, con sede en la ciudad Bogot\u00e1, D.C. (Colombia).\u00a0 La\u00a0<em><strong>Revista KANKEI<\/strong><\/em>, no tiene un amplio espectro tem\u00e1tico, pero s\u00ed variedad te\u00f3rico-conceptual y metodol\u00f3gico-investigativa, haciendo \u00e9nfasis en las reflexiones, descripciones y explicaciones sobre la interacci\u00f3n social, especialmente las que se dan en el n\u00facleo familiar, sin desconocer que el individuo en s\u00ed mismo es una especie de sistema complejo que vive en interacci\u00f3n con contextos cercanos y lejanos, sobre los cuales influye, es retroalimentado y recibe influencia.<\/p>\t\t\t\t\t\t<\/div>\n\t\t\t\t<\/div>\n\t\t\t\t\t<\/div>\n\t\t<\/div>\n\t\t\t\t\t\t\t<\/div>\n\t\t<\/section>\n\t\t\t\t<section class=\"elementor-section elementor-top-section elementor-element elementor-element-8cce2d9 elementor-section-boxed elementor-section-height-default elementor-section-height-default\" data-id=\"8cce2d9\" data-element_type=\"section\">\n\t\t\t\t\t\t<div class=\"elementor-container elementor-column-gap-default\">\n\t\t\t\t\t<div class=\"elementor-column elementor-col-100 elementor-top-column elementor-element elementor-element-fe05cc9\" data-id=\"fe05cc9\" data-element_type=\"column\">\n\t\t\t<div class=\"elementor-widget-wrap elementor-element-populated\">\n\t\t\t\t\t\t\t\t<div class=\"elementor-element elementor-element-bb77899 elementor-tabs-view-horizontal elementor-widget elementor-widget-tabs\" data-id=\"bb77899\" data-element_type=\"widget\" data-widget_type=\"tabs.default\">\n\t\t\t\t<div class=\"elementor-widget-container\">\n\t\t\t\t\t<div class=\"elementor-tabs\">\n\t\t\t<div class=\"elementor-tabs-wrapper\" role=\"tablist\" >\n\t\t\t\t\t\t\t\t\t<div id=\"elementor-tab-title-1961\" class=\"elementor-tab-title elementor-tab-desktop-title\" aria-selected=\"true\" data-tab=\"1\" role=\"tab\" tabindex=\"0\" aria-controls=\"elementor-tab-content-1961\" aria-expanded=\"false\">N\u00famero actual<\/div>\n\t\t\t\t\t\t\t\t\t<div id=\"elementor-tab-title-1962\" class=\"elementor-tab-title elementor-tab-desktop-title\" aria-selected=\"false\" data-tab=\"2\" role=\"tab\" tabindex=\"-1\" aria-controls=\"elementor-tab-content-1962\" aria-expanded=\"false\">N\u00fameros Anteriores<\/div>\n\t\t\t\t\t\t\t\t\t<div id=\"elementor-tab-title-1963\" class=\"elementor-tab-title elementor-tab-desktop-title\" aria-selected=\"false\" data-tab=\"3\" role=\"tab\" tabindex=\"-1\" aria-controls=\"elementor-tab-content-1963\" aria-expanded=\"false\">Novedades<\/div>\n\t\t\t\t\t\t\t<\/div>\n\t\t\t<div class=\"elementor-tabs-content-wrapper\" role=\"tablist\" aria-orientation=\"vertical\">\n\t\t\t\t\t\t\t\t\t<div class=\"elementor-tab-title elementor-tab-mobile-title\" aria-selected=\"true\" data-tab=\"1\" role=\"tab\" tabindex=\"0\" aria-controls=\"elementor-tab-content-1961\" aria-expanded=\"false\">N\u00famero actual<\/div>\n\t\t\t\t\t<div id=\"elementor-tab-content-1961\" class=\"elementor-tab-content elementor-clearfix\" data-tab=\"1\" role=\"tabpanel\" aria-labelledby=\"elementor-tab-title-1961\" tabindex=\"0\" hidden=\"false\"><p>Psicolog\u00eda y sociedad teor\u00edas, cr\u00edticas y perspectivas.<\/p>\n<p>Editor invitado: Juan Sebasti\u00e1n Casta\u00f1eda Soto<\/p>\n<p><span style=\"font-family: var( --e-global-typography-text-font-family ), Sans-serif; font-weight: var( --e-global-typography-text-font-weight );\">La psicolog\u00eda cr\u00edtica es una perspectiva que cuestiona las bases tradicionales y busca comprender c\u00f3mo las estructuras sociales afectan el pensamiento, las acciones y la salud mental de las personas, por lo cual resulta ser una herramienta valiosa para comprender y cuestionar las bases de la disciplina, considerando su contexto hist\u00f3rico y social, al tiempo que desarrolla explicaciones plausibles sobre lo que denominados \u201clo mental\u201d.<\/span><br><\/p>\n<p>Ahora bien, como la psicolog\u00eda cr\u00edtica es una corriente que se caracteriza por su inclinaci\u00f3n hacia la cr\u00edtica y el an\u00e1lisis profundo, en el contexto de la psicolog\u00eda social latinoamericana, esta tendencia ha sido notable.<\/p>\n<p>La psicolog\u00eda cr\u00edtica implica analizar modelos te\u00f3ricos, conceptos e interpretaciones relacionados con fen\u00f3menos psicol\u00f3gicos o circunstancias bajo estudio e incluso la forma como el psic\u00f3logo \u201ctiende\u201d a abordar dichas problem\u00e1ticas sociales. Se busca demostrar sus modos de construcci\u00f3n, contradicciones, coherencia y los intereses subyacentes en una teor\u00eda o propuesta, adem\u00e1s de evaluar sus fortalezas y debilidades.<\/p>\n<p>En la producci\u00f3n contempor\u00e1nea de la Psicolog\u00eda Social Latinoamericana (desde finales de los ochenta hasta a\u00f1os recientes), se han analizado trabajos de psicolog\u00eda social comunitaria y psicolog\u00eda pol\u00edtica. Estos abordan temas como identidad, poder, exclusi\u00f3n y legitimidad social.<\/p>\n<p>Desde una acera distinta pero cercana, la Teor\u00eda Cr\u00edtica es un conjunto de perspectivas en filosof\u00eda y ciencias sociales que busca estudiar lo social para cambiarlo; no s\u00f3lo se cuestiona el status quo sino que incluso se busca transformar las estructuras sociales y las relaciones de poder.<\/p>\n<p>Entonces, se trata de una invitaci\u00f3n a reflexionar sobre las bases te\u00f3ricas, los contextos culturales y las implicaciones ideol\u00f3gicas en nuestro entendimiento de la mente y el comportamiento humano, al tiempo que se propende por comprender y transformar nuestra sociedad, especialmente la latinoamericana.<\/p>\n<p><a href=\"https:\/\/www.revista.investigacion-kankei.com\/?page_id=55\">HTML<\/a><a href=\"https:\/\/www.revista.investigacion-kankei.com\/?page_id=99\" target=\"_blank\" rel=\"noopener\">&nbsp; &nbsp;<\/a><\/p>\n<p><a href=\"https:\/\/www.investigacion-kankei.com\/wp-content\/uploads\/2024\/04\/Psicologia-y-sociedad-teorias-Ed-2024.pdf\">PDF<\/a><\/p>\n<p><\/p><\/div>\n\t\t\t\t\t\t\t\t\t<div class=\"elementor-tab-title elementor-tab-mobile-title\" aria-selected=\"false\" data-tab=\"2\" role=\"tab\" tabindex=\"-1\" aria-controls=\"elementor-tab-content-1962\" aria-expanded=\"false\">N\u00fameros Anteriores<\/div>\n\t\t\t\t\t<div id=\"elementor-tab-content-1962\" class=\"elementor-tab-content elementor-clearfix\" data-tab=\"2\" role=\"tabpanel\" aria-labelledby=\"elementor-tab-title-1962\" tabindex=\"0\" hidden=\"hidden\"><ul><li><a href=\"https:\/\/www.revista.investigacion-kankei.com\/wp-content\/uploads\/2025\/09\/KANKEI-2017-Vol1-Num-1-ISBN.pdf\" target=\"_blank\" rel=\"noopener\">Revista 1, Volumen 1<\/a><\/li><li><a href=\"https:\/\/www.revista.investigacion-kankei.com\/wp-content\/uploads\/2025\/09\/KANKEI-2018-Vol-2-Num-1-ISBN.pdf\" target=\"_blank\" rel=\"noopener\">Revista 1, Volumen 2<\/a><\/li><\/ul><\/div>\n\t\t\t\t\t\t\t\t\t<div class=\"elementor-tab-title elementor-tab-mobile-title\" aria-selected=\"false\" data-tab=\"3\" role=\"tab\" tabindex=\"-1\" aria-controls=\"elementor-tab-content-1963\" aria-expanded=\"false\">Novedades<\/div>\n\t\t\t\t\t<div id=\"elementor-tab-content-1963\" class=\"elementor-tab-content elementor-clearfix\" data-tab=\"3\" role=\"tabpanel\" aria-labelledby=\"elementor-tab-title-1963\" tabindex=\"0\" hidden=\"hidden\">Contenido de la pesta\u00f1a<\/div>\n\t\t\t\t\t\t\t<\/div>\n\t\t<\/div>\n\t\t\t\t<\/div>\n\t\t\t\t<\/div>\n\t\t\t\t\t<\/div>\n\t\t<\/div>\n\t\t\t\t\t\t\t<\/div>\n\t\t<\/section>\n\t\t\t\t<section class=\"elementor-section elementor-top-section elementor-element elementor-element-0cf2b0d elementor-section-boxed elementor-section-height-default elementor-section-height-default\" data-id=\"0cf2b0d\" data-element_type=\"section\">\n\t\t\t\t\t\t<div class=\"elementor-container elementor-column-gap-default\">\n\t\t\t\t\t<div class=\"elementor-column elementor-col-100 elementor-top-column elementor-element elementor-element-8a098a4\" data-id=\"8a098a4\" data-element_type=\"column\">\n\t\t\t<div class=\"elementor-widget-wrap elementor-element-populated\">\n\t\t\t\t\t\t\t\t<div class=\"elementor-element elementor-element-526619a elementor-widget elementor-widget-heading\" data-id=\"526619a\" data-element_type=\"widget\" data-widget_type=\"heading.default\">\n\t\t\t\t<div class=\"elementor-widget-container\">\n\t\t\t<h2 class=\"elementor-heading-title elementor-size-default\">Enviar un art\u00edculo<\/h2>\t\t<\/div>\n\t\t\t\t<\/div>\n\t\t\t\t\t<\/div>\n\t\t<\/div>\n\t\t\t\t\t\t\t<\/div>\n\t\t<\/section>\n\t\t\t\t<section class=\"elementor-section elementor-top-section elementor-element elementor-element-3f0dedc elementor-section-boxed elementor-section-height-default elementor-section-height-default\" data-id=\"3f0dedc\" data-element_type=\"section\">\n\t\t\t\t\t\t<div class=\"elementor-container elementor-column-gap-default\">\n\t\t\t\t\t<div class=\"elementor-column elementor-col-100 elementor-top-column elementor-element elementor-element-55cbfa7\" data-id=\"55cbfa7\" data-element_type=\"column\">\n\t\t\t<div class=\"elementor-widget-wrap elementor-element-populated\">\n\t\t\t\t\t\t\t\t<div class=\"elementor-element elementor-element-c724855 elementor-button-align-center elementor-widget elementor-widget-form\" data-id=\"c724855\" data-element_type=\"widget\" data-settings=\"{&quot;step_next_label&quot;:&quot;Next&quot;,&quot;step_previous_label&quot;:&quot;Previous&quot;,&quot;button_width&quot;:&quot;100&quot;,&quot;step_type&quot;:&quot;number_text&quot;,&quot;step_icon_shape&quot;:&quot;circle&quot;}\" data-widget_type=\"form.default\">\n\t\t\t\t<div class=\"elementor-widget-container\">\n\t\t\t\t\t<form class=\"elementor-form\" method=\"post\" name=\"New Form\">\n\t\t\t<input type=\"hidden\" name=\"post_id\" value=\"10\"\/>\n\t\t\t<input type=\"hidden\" name=\"form_id\" value=\"c724855\"\/>\n\t\t\t<input type=\"hidden\" name=\"referer_title\" value=\"\" \/>\n\n\t\t\t\n\t\t\t<div class=\"elementor-form-fields-wrapper elementor-labels-above\">\n\t\t\t\t\t\t\t\t<div class=\"elementor-field-type-text elementor-field-group elementor-column elementor-field-group-name elementor-col-100\">\n\t\t\t\t\t\t\t\t\t\t\t\t<label for=\"form-field-name\" class=\"elementor-field-label\">\n\t\t\t\t\t\t\t\tNombre:\t\t\t\t\t\t\t<\/label>\n\t\t\t\t\t\t\t\t\t\t\t\t\t\t<input size=\"1\" type=\"text\" name=\"form_fields[name]\" id=\"form-field-name\" class=\"elementor-field elementor-size-sm  elementor-field-textual\" placeholder=\"Nombre\">\n\t\t\t\t\t\t\t\t\t\t\t<\/div>\n\t\t\t\t\t\t\t\t<div class=\"elementor-field-type-email elementor-field-group elementor-column elementor-field-group-email elementor-col-100 elementor-field-required\">\n\t\t\t\t\t\t\t\t\t\t\t\t<label for=\"form-field-email\" class=\"elementor-field-label\">\n\t\t\t\t\t\t\t\tEmail\t\t\t\t\t\t\t<\/label>\n\t\t\t\t\t\t\t\t\t\t\t\t\t\t<input size=\"1\" type=\"email\" name=\"form_fields[email]\" id=\"form-field-email\" class=\"elementor-field elementor-size-sm  elementor-field-textual\" placeholder=\"Email\" required=\"required\" aria-required=\"true\">\n\t\t\t\t\t\t\t\t\t\t\t<\/div>\n\t\t\t\t\t\t\t\t<div class=\"elementor-field-type-textarea elementor-field-group elementor-column elementor-field-group-message elementor-col-100\">\n\t\t\t\t\t\t\t\t\t\t\t\t<label for=\"form-field-message\" class=\"elementor-field-label\">\n\t\t\t\t\t\t\t\tT\u00edtulo\t\t\t\t\t\t\t<\/label>\n\t\t\t\t\t\t<textarea class=\"elementor-field-textual elementor-field  elementor-size-sm\" name=\"form_fields[message]\" id=\"form-field-message\" rows=\"4\" placeholder=\"T\u00edtulo \"><\/textarea>\t\t\t\t<\/div>\n\t\t\t\t\t\t\t\t<div class=\"elementor-field-type-upload elementor-field-group elementor-column elementor-field-group-field_9317a0a elementor-col-100\">\n\t\t\t\t\t\t\t\t\t\t\t\t<label for=\"form-field-field_9317a0a\" class=\"elementor-field-label\">\n\t\t\t\t\t\t\t\tAdjuntar PDF\t\t\t\t\t\t\t<\/label>\n\t\t\t\t\t\t\t\t<input type=\"file\" name=\"form_fields[field_9317a0a]\" id=\"form-field-field_9317a0a\" class=\"elementor-field elementor-size-sm  elementor-upload-field\" data-maxsize=\"20\" data-maxsize-message=\"This file exceeds the maximum allowed size.\">\n\n\t\t\t\t\t\t<\/div>\n\t\t\t\t\t\t\t\t<div class=\"elementor-field-group elementor-column elementor-field-type-submit elementor-col-100 e-form__buttons\">\n\t\t\t\t\t<button type=\"submit\" class=\"elementor-button elementor-size-sm\">\n\t\t\t\t\t\t<span >\n\t\t\t\t\t\t\t\t\t\t\t\t\t\t\t<span class=\" elementor-button-icon\">\n\t\t\t\t\t\t\t\t\t\t\t\t\t\t\t\t\t\t\t\t\t\t\t\t\t\t<\/span>\n\t\t\t\t\t\t\t\t\t\t\t\t\t\t\t\t\t\t\t\t\t\t<span class=\"elementor-button-text\">Enviar<\/span>\n\t\t\t\t\t\t\t\t\t\t\t\t\t<\/span>\n\t\t\t\t\t<\/button>\n\t\t\t\t<\/div>\n\t\t\t<\/div>\n\t\t<\/form>\n\t\t\t\t<\/div>\n\t\t\t\t<\/div>\n\t\t\t\t\t<\/div>\n\t\t<\/div>\n\t\t\t\t\t\t\t<\/div>\n\t\t<\/section>\n\t\t\t\t\t\t<\/div>\n\t\t\t\t\t<\/div>\n\t\t","protected":false},"excerpt":{"rendered":"<p>ISSN: 3114-912X (En l\u00ednea) \u00a0 \u00a0 \u00a0 \u00a0\u00a0Familia, Interacci\u00f3n social, justicia, reparaci\u00f3n, violencias.Scopus | Redalyc&#8230;<\/p>\n","protected":false},"author":1,"featured_media":0,"parent":0,"menu_order":0,"comment_status":"closed","ping_status":"closed","template":"","meta":[],"_links":{"self":[{"href":"https:\/\/www.revista.investigacion-kankei.com\/index.php?rest_route=\/wp\/v2\/pages\/10"}],"collection":[{"href":"https:\/\/www.revista.investigacion-kankei.com\/index.php?rest_route=\/wp\/v2\/pages"}],"about":[{"href":"https:\/\/www.revista.investigacion-kankei.com\/index.php?rest_route=\/wp\/v2\/types\/page"}],"author":[{"embeddable":true,"href":"https:\/\/www.revista.investigacion-kankei.com\/index.php?rest_route=\/wp\/v2\/users\/1"}],"replies":[{"embeddable":true,"href":"https:\/\/www.revista.investigacion-kankei.com\/index.php?rest_route=%2Fwp%2Fv2%2Fcomments&post=10"}],"version-history":[{"count":92,"href":"https:\/\/www.revista.investigacion-kankei.com\/index.php?rest_route=\/wp\/v2\/pages\/10\/revisions"}],"predecessor-version":[{"id":496,"href":"https:\/\/www.revista.investigacion-kankei.com\/index.php?rest_route=\/wp\/v2\/pages\/10\/revisions\/496"}],"wp:attachment":[{"href":"https:\/\/www.revista.investigacion-kankei.com\/index.php?rest_route=%2Fwp%2Fv2%2Fmedia&parent=10"}],"curies":[{"name":"wp","href":"https:\/\/api.w.org\/{rel}","templated":true}]}}