{"id":374,"date":"2025-01-29T19:45:22","date_gmt":"2025-01-29T19:45:22","guid":{"rendered":"https:\/\/www.revista.investigacion-kankei.com\/?page_id=374"},"modified":"2025-09-13T19:51:05","modified_gmt":"2025-09-13T19:51:05","slug":"volumen-1-numero-2","status":"publish","type":"page","link":"https:\/\/www.revista.investigacion-kankei.com\/?page_id=374","title":{"rendered":"Volumen 2 (N\u00famero 1)"},"content":{"rendered":"\t\t<div data-elementor-type=\"wp-page\" data-elementor-id=\"374\" class=\"elementor elementor-374\" data-elementor-settings=\"[]\">\n\t\t\t\t\t\t\t<div class=\"elementor-section-wrap\">\n\t\t\t\t\t\t\t<section class=\"elementor-section elementor-top-section elementor-element elementor-element-5797668b elementor-section-boxed elementor-section-height-default elementor-section-height-default\" data-id=\"5797668b\" data-element_type=\"section\">\n\t\t\t\t\t\t<div class=\"elementor-container elementor-column-gap-default\">\n\t\t\t\t\t<div class=\"elementor-column elementor-col-100 elementor-top-column elementor-element elementor-element-de60d2a\" data-id=\"de60d2a\" data-element_type=\"column\">\n\t\t\t<div class=\"elementor-widget-wrap elementor-element-populated\">\n\t\t\t\t\t\t\t\t<div class=\"elementor-element elementor-element-769def87 elementor-widget elementor-widget-text-editor\" data-id=\"769def87\" data-element_type=\"widget\" data-widget_type=\"text-editor.default\">\n\t\t\t\t<div class=\"elementor-widget-container\">\n\t\t\t\t\t\t\t<p><!-- wp:heading {\"level\":3} --><\/p>\n<h3><a href=\"https:\/\/www.revista.investigacion-kankei.com\/wp-content\/uploads\/2025\/09\/KANKEI-2018-Vol-2-Num-1-ISBN.pdf\"><img loading=\"lazy\" class=\"aligncenter wp-image-394 size-large\" src=\"https:\/\/www.revista.investigacion-kankei.com\/wp-content\/uploads\/2025\/01\/2.-KANKEI-2018-Vol.-2-Num.-1-Portada-724x1024.png\" alt=\"\" width=\"640\" height=\"905\" srcset=\"https:\/\/www.revista.investigacion-kankei.com\/wp-content\/uploads\/2025\/01\/2.-KANKEI-2018-Vol.-2-Num.-1-Portada-724x1024.png 724w, https:\/\/www.revista.investigacion-kankei.com\/wp-content\/uploads\/2025\/01\/2.-KANKEI-2018-Vol.-2-Num.-1-Portada-212x300.png 212w, https:\/\/www.revista.investigacion-kankei.com\/wp-content\/uploads\/2025\/01\/2.-KANKEI-2018-Vol.-2-Num.-1-Portada-768x1086.png 768w, https:\/\/www.revista.investigacion-kankei.com\/wp-content\/uploads\/2025\/01\/2.-KANKEI-2018-Vol.-2-Num.-1-Portada-1086x1536.png 1086w, https:\/\/www.revista.investigacion-kankei.com\/wp-content\/uploads\/2025\/01\/2.-KANKEI-2018-Vol.-2-Num.-1-Portada-1448x2048.png 1448w, https:\/\/www.revista.investigacion-kankei.com\/wp-content\/uploads\/2025\/01\/2.-KANKEI-2018-Vol.-2-Num.-1-Portada-1024x1448.png 1024w\" sizes=\"(max-width: 640px) 100vw, 640px\" \/><\/a><\/h3>\n<h3>\u00a0<\/h3>\n<h3>KANKEI, Revista sobre familia e interacci\u00f3n social<br \/><i style=\"color: var( --e-global-color-text ); font-family: var( --e-global-typography-text-font-family ), Sans-serif; font-size: 18px; font-weight: var( --e-global-typography-text-font-weight );\">2018, ene &#8211; jun, Volumen 2 (N\u00famero 1)<\/i><\/h3>\n<div><i style=\"color: var( --e-global-color-text ); font-family: var( --e-global-typography-text-font-family ), Sans-serif; font-size: 18px; font-weight: var( --e-global-typography-text-font-weight );\"><a href=\"https:\/\/www.revista.investigacion-kankei.com\/wp-content\/uploads\/2025\/01\/KANKEI-2018-Vol.-2-Num.-1-Completo.pdf\">\u00a0<\/a><\/i><\/div>\n<p><!-- \/wp:heading --><\/p>\n<p><!-- wp:paragraph --><\/p>\n<p>\u00a0<\/p>\n<p><!-- \/wp:paragraph --><\/p>\n<p><!-- wp:paragraph --><\/p>\n<h3><a href=\"https:\/\/www.revista.investigacion-kankei.com\/wp-content\/uploads\/2025\/01\/2.-KANKEI-2018-Vol.-2-Num.-1-Preliminares.pdf\"><strong>Preliminares<\/strong><\/a><\/h3>\n<p><strong>\u00a0<\/strong><\/p>\n<h3><a href=\"https:\/\/www.revista.investigacion-kankei.com\/wp-content\/uploads\/2025\/01\/Articulo-1.-Camacho.-Uso-de-la-tecnica-de-autopsia-psicologica-en-la-determinacion-de-la-muerte-dudosa-2.pdf\"><strong>Uso de la t\u00e9cnica de Autopsia Psicol\u00f3gica (AP) en la determinaci\u00f3n de la muerte dudosa\u00a0<\/strong><\/a><\/h3>\n<p><em style=\"color: var( --e-global-color-text ); font-family: var( --e-global-typography-text-font-family ), Sans-serif; font-weight: var( --e-global-typography-text-font-weight );\">Jorge Erwin Camacho Galindo, Ph.M.<\/em><br \/><em style=\"color: var( --e-global-color-text ); font-family: var( --e-global-typography-text-font-family ), Sans-serif; font-weight: var( --e-global-typography-text-font-weight );\"><br \/><\/em><\/p>\n<h3><a href=\"https:\/\/www.revista.investigacion-kankei.com\/wp-content\/uploads\/2025\/01\/Articulo-2.-Camacho.-Alienacion-parental.-Una-forma-de-violencia-infantil.pdf\"><strong>Alienaci\u00f3n parental. Una forma de violencia infantil.\u00a0<\/strong><\/a><\/h3>\n<p><em style=\"color: var( --e-global-color-text ); font-family: var( --e-global-typography-text-font-family ), Sans-serif; font-weight: var( --e-global-typography-text-font-weight );\">Jorge Erwin Camacho Galindo, Ph.M.<\/em><\/p>\n<p><em style=\"color: var( --e-global-color-text ); font-family: var( --e-global-typography-text-font-family ), Sans-serif; font-weight: var( --e-global-typography-text-font-weight );\">\u00a0<\/em><\/p>\n<h3><a href=\"https:\/\/www.revista.investigacion-kankei.com\/wp-content\/uploads\/2025\/01\/Articulo-3.-Gutierrez-Munoz.-Prevencion-secundaria-para-el-consumo-de-drogas-en-adolescentes-con-el-modelo-transteorico-de-cambio.pdf\"><strong>Prevenci\u00f3n secundaria para el consumo de drogas en adolescentes con el modelo transte\u00f3rico de cambio.\u00a0<\/strong><\/a><\/h3>\n<p><em style=\"color: var( --e-global-color-text ); font-family: var( --e-global-typography-text-font-family ), Sans-serif; font-weight: var( --e-global-typography-text-font-weight );\">Susana Guti\u00e9rrez Castiblanco, Nicol\u00e1s Felipe Mu\u00f1oz Salamanca<\/em><strong style=\"color: var( --e-global-color-text ); font-family: var( --e-global-typography-text-font-family ), Sans-serif;\">\u00a0<\/strong><\/p>\n<p><strong style=\"color: var( --e-global-color-text ); font-family: var( --e-global-typography-text-font-family ), Sans-serif;\">\u00a0<\/strong><\/p>\n<h3><a href=\"https:\/\/www.revista.investigacion-kankei.com\/wp-content\/uploads\/2025\/01\/Articulo-4.-Camacho.-La-Neuropsicologia-Forense-y-la-resolucion-de-conflictos-juridico-penales.pdf\"><strong>La Neuropsicolog\u00eda forense y la resoluci\u00f3n de conflictos jur\u00eddicos-penales.\u00a0<\/strong><\/a><\/h3>\n<p><em style=\"color: var( --e-global-color-text ); font-family: var( --e-global-typography-text-font-family ), Sans-serif; font-weight: var( --e-global-typography-text-font-weight );\">Jorge Erwin Camacho Galindo, Ph.M.<\/em><\/p>\n<p><strong style=\"color: var( --e-global-color-text ); font-family: var( --e-global-typography-text-font-family ), Sans-serif;\">\u00a0<\/strong><\/p>\n<p>\u00a0<\/p>\n<p><!-- \/wp:paragraph --><\/p>\n<p><!-- wp:html --><\/p>\n<p><!-- \/wp:html --><\/p>\n<p><!-- wp:html \/--><\/p>\t\t\t\t\t\t<\/div>\n\t\t\t\t<\/div>\n\t\t\t\t\t<\/div>\n\t\t<\/div>\n\t\t\t\t\t\t\t<\/div>\n\t\t<\/section>\n\t\t\t\t\t\t<\/div>\n\t\t\t\t\t<\/div>\n\t\t","protected":false},"excerpt":{"rendered":"<p>\u00a0 KANKEI, Revista sobre familia e interacci\u00f3n social2018, ene &#8211; jun, Volumen 2 (N\u00famero 1)&#8230;<\/p>\n","protected":false},"author":1,"featured_media":0,"parent":0,"menu_order":0,"comment_status":"closed","ping_status":"closed","template":"","meta":[],"_links":{"self":[{"href":"https:\/\/www.revista.investigacion-kankei.com\/index.php?rest_route=\/wp\/v2\/pages\/374"}],"collection":[{"href":"https:\/\/www.revista.investigacion-kankei.com\/index.php?rest_route=\/wp\/v2\/pages"}],"about":[{"href":"https:\/\/www.revista.investigacion-kankei.com\/index.php?rest_route=\/wp\/v2\/types\/page"}],"author":[{"embeddable":true,"href":"https:\/\/www.revista.investigacion-kankei.com\/index.php?rest_route=\/wp\/v2\/users\/1"}],"replies":[{"embeddable":true,"href":"https:\/\/www.revista.investigacion-kankei.com\/index.php?rest_route=%2Fwp%2Fv2%2Fcomments&post=374"}],"version-history":[{"count":41,"href":"https:\/\/www.revista.investigacion-kankei.com\/index.php?rest_route=\/wp\/v2\/pages\/374\/revisions"}],"predecessor-version":[{"id":478,"href":"https:\/\/www.revista.investigacion-kankei.com\/index.php?rest_route=\/wp\/v2\/pages\/374\/revisions\/478"}],"wp:attachment":[{"href":"https:\/\/www.revista.investigacion-kankei.com\/index.php?rest_route=%2Fwp%2Fv2%2Fmedia&parent=374"}],"curies":[{"name":"wp","href":"https:\/\/api.w.org\/{rel}","templated":true}]}}