{"id":41,"date":"2022-11-09T22:11:21","date_gmt":"2022-11-09T22:11:21","guid":{"rendered":"https:\/\/www.revista.investigacion-kankei.com\/?page_id=41"},"modified":"2023-04-26T15:40:07","modified_gmt":"2023-04-26T15:40:07","slug":"normas-para-autores","status":"publish","type":"page","link":"https:\/\/www.revista.investigacion-kankei.com\/?page_id=41","title":{"rendered":"Normas para autores"},"content":{"rendered":"\t\t<div data-elementor-type=\"wp-page\" data-elementor-id=\"41\" class=\"elementor elementor-41\" data-elementor-settings=\"[]\">\n\t\t\t\t\t\t\t<div class=\"elementor-section-wrap\">\n\t\t\t\t\t\t\t<section class=\"elementor-section elementor-top-section elementor-element elementor-element-e739054 elementor-section-boxed elementor-section-height-default elementor-section-height-default\" data-id=\"e739054\" data-element_type=\"section\">\n\t\t\t\t\t\t<div class=\"elementor-container elementor-column-gap-default\">\n\t\t\t\t\t<div class=\"elementor-column elementor-col-100 elementor-top-column elementor-element elementor-element-10df0d8\" data-id=\"10df0d8\" data-element_type=\"column\">\n\t\t\t<div class=\"elementor-widget-wrap elementor-element-populated\">\n\t\t\t\t\t\t\t\t<div class=\"elementor-element elementor-element-3fb6df9 elementor-widget elementor-widget-spacer\" data-id=\"3fb6df9\" data-element_type=\"widget\" data-widget_type=\"spacer.default\">\n\t\t\t\t<div class=\"elementor-widget-container\">\n\t\t\t\t\t<div class=\"elementor-spacer\">\n\t\t\t<div class=\"elementor-spacer-inner\"><\/div>\n\t\t<\/div>\n\t\t\t\t<\/div>\n\t\t\t\t<\/div>\n\t\t\t\t\t<\/div>\n\t\t<\/div>\n\t\t\t\t\t\t\t<\/div>\n\t\t<\/section>\n\t\t\t\t<section class=\"elementor-section elementor-top-section elementor-element elementor-element-2ce5251 elementor-section-boxed elementor-section-height-default elementor-section-height-default\" data-id=\"2ce5251\" data-element_type=\"section\">\n\t\t\t\t\t\t<div class=\"elementor-container elementor-column-gap-default\">\n\t\t\t\t\t<div class=\"elementor-column elementor-col-100 elementor-top-column elementor-element elementor-element-44146e6\" data-id=\"44146e6\" data-element_type=\"column\">\n\t\t\t<div class=\"elementor-widget-wrap elementor-element-populated\">\n\t\t\t\t\t\t\t\t<div class=\"elementor-element elementor-element-13b53af elementor-widget elementor-widget-heading\" data-id=\"13b53af\" data-element_type=\"widget\" data-widget_type=\"heading.default\">\n\t\t\t\t<div class=\"elementor-widget-container\">\n\t\t\t<h2 class=\"elementor-heading-title elementor-size-default\">Informaci\u00f3n para los autores<\/h2>\t\t<\/div>\n\t\t\t\t<\/div>\n\t\t\t\t\t<\/div>\n\t\t<\/div>\n\t\t\t\t\t\t\t<\/div>\n\t\t<\/section>\n\t\t\t\t<section class=\"elementor-section elementor-top-section elementor-element elementor-element-fb23ef9 elementor-section-boxed elementor-section-height-default elementor-section-height-default\" data-id=\"fb23ef9\" data-element_type=\"section\">\n\t\t\t\t\t\t<div class=\"elementor-container elementor-column-gap-default\">\n\t\t\t\t\t<div class=\"elementor-column elementor-col-100 elementor-top-column elementor-element elementor-element-89a15ad\" data-id=\"89a15ad\" data-element_type=\"column\">\n\t\t\t<div class=\"elementor-widget-wrap elementor-element-populated\">\n\t\t\t\t\t\t\t\t<div class=\"elementor-element elementor-element-50e6fa4 elementor-widget elementor-widget-text-editor\" data-id=\"50e6fa4\" data-element_type=\"widget\" data-widget_type=\"text-editor.default\">\n\t\t\t\t<div class=\"elementor-widget-container\">\n\t\t\t\t\t\t\t<h2>Pol\u00edtica editorial<\/h2><div><br><\/div>\n<p><\/p>\n<p><strong><em>KANKEI, Revista sobre familia e interacci\u00f3n social<\/em><\/strong>, est\u00e1 interesada en divulgar preferencialmente publicaciones de nivel primario, como los art\u00edculos originales<a href=\"#_ftn1\" name=\"_ftnref1\">[1]<\/a> (original research), los reportes o comunicaciones cortas (brief report, short communication) o los estudios o reportes de casos cl\u00ednicos o forenses (case report, clinical case, forensic case), en espa\u00f1ol, ingl\u00e9s, portugu\u00e9s, franc\u00e9s e italiano, principalmente. Pero, apuntando a la relevancia de su contenido, recibir\u00e1 documentos de nivel secundario (systematic review; guidelines; metaanalysis; research and reporting methods; editor correspondence) y de nivel terciario (review; editorial; perspectives; ideas; opinions).&nbsp; Si bien los art\u00edculos pueden ser de distintas \u00e1reas del conocimiento, se dar\u00e1 prelaci\u00f3n a los escritos en torno a <strong><em>la familia y cualquier otra forma de interacci\u00f3n social<\/em><\/strong>.<\/p><p><br><\/p>\n<p>Las propuestas deber\u00e1n contribuir al avance del conocimiento cient\u00edfico en relaci\u00f3n con <strong><em>la familia<\/em><\/strong> y las distintas formas, violentas y no violentas de <strong><em>interacci\u00f3n social<\/em><\/strong>. &nbsp;Tales documentos sugeridos para publicar, deber\u00e1n cumplir con los lineamientos de publicaci\u00f3n de la APA<a href=\"#_ftn2\" name=\"_ftnref2\">[2]<\/a> y con los criterios generales de \u00e9tica, precisi\u00f3n, coherencia, claridad, simplicidad, cientificidad e inter\u00e9s y ser\u00e1n sometidos a juicio experto del Comit\u00e9 Acad\u00e9mico Internacional, del Comit\u00e9 Editorial y de los Pares Acad\u00e9micos.<\/p><p><br><\/p>\n<p>Aunque <strong><em>KANKEI, Revista sobre familia e interacci\u00f3n social<\/em><\/strong>, no pretende fijar una norma respecto de la extensi\u00f3n en p\u00e1ginas y n\u00famero m\u00ednimo de referencias, se sugiere tener en cuenta las pautas recogidas en los cuadros 5 y 6 por Jim\u00e9nez (2011)<a href=\"#_ftn3\" name=\"_ftnref3\">[3]<\/a>.<\/p><p><br><\/p>\n<p>Todo documento sometido a consideraci\u00f3n de <strong><em>KANKEI, Revista sobre familia e interacci\u00f3n social<\/em><\/strong>, deber\u00e1 incluir informaci\u00f3n completa sobre:<\/p>\n<ol>\n<li>Nombres y apellidos del autor y\/o coautores (como desea que aparezcan en el art\u00edculo);<\/li>\n<li>Filiaci\u00f3n institucional al momento de concebir el escrito (con aclaraci\u00f3n de pie de p\u00e1gina si actualmente tiene una filiaci\u00f3n distinta);<\/li>\n<li>En nota a pie de p\u00e1gina, direcci\u00f3n de correspondencia, correo electr\u00f3nico y tel\u00e9fono (fijo y\/o m\u00f3vil);<\/li>\n<li>Tambi\u00e9n en nota a pie de p\u00e1gina, la naturaleza del manuscrito (de investigaci\u00f3n, de revisi\u00f3n, te\u00f3rico, rese\u00f1a, entrevista, ensayo, etc.);<\/li>\n<li>En agradecimientos; cuando sea el caso, incluir el t\u00edtulo del proyecto, la entidad financiadora, las fechas de realizaci\u00f3n y el c\u00f3digo de registro.<\/li>\n<\/ol>\n<p>El autor o uno de los coautores recibir\u00e1 un correo, mensaje o llamada en la que se le manifestar\u00e1 el <em>acuse de recibo<\/em> de su propuesta, la cual entrar\u00e1 a revisi\u00f3n de inmediato.&nbsp; <strong><em>KANKEI, Revista sobre familia e interacci\u00f3n social<\/em><\/strong>, en un plazo m\u00e1ximo de seis (6) meses, informar\u00e1 al autor o coautor el estado de la revisi\u00f3n y las sugerencias de correcci\u00f3n que realiza el Par Acad\u00e9mico, quien permanecer\u00e1 an\u00f3nimo en el sistema de <em>Doble Ciego<\/em>.&nbsp; Eventualmente, la aceptaci\u00f3n definitiva del documento podr\u00e1 depender de sugerencias o modificaciones que el Par Acad\u00e9mico proponga al autor o coautores.&nbsp; De manera posterior a su edici\u00f3n (virtual o impresa), el autor o los coautores recibir\u00e1n un ejemplar de <strong><em>KANKEI, Revista sobre familia e interacci\u00f3n social<\/em><\/strong>, en la que aparece el art\u00edculo.<\/p><p><br><\/p>\n<p>El retiro de la propuesta documental deber\u00e1 ser solicitado por escrito dirigido al editor, antes de su publicaci\u00f3n.&nbsp; Una vez aceptado el trabajo para su publicaci\u00f3n, los derechos de impresi\u00f3n y de reproducci\u00f3n por cualquier medio y forma son del editor.&nbsp; Se atender\u00e1 cualquier petici\u00f3n escrita por parte del autor para obtener el permiso de reproducci\u00f3n de sus contribuciones, siempre y cuando exista un sustento razonable.<\/p><p><br><\/p>\n<p><strong><em>KANKEI, Revista sobre familia e interacci\u00f3n social<\/em><\/strong>, valora favorablemente las referencias a art\u00edculos publicados anteriormente en la misma y est\u00e1 interesada en el di\u00e1logo entre instituciones nacionales e internacionales, por lo que aprecia el uso de referencias latinoamericanas y europeas en proporciones razonables en cada trabajo sometido a consideraci\u00f3n.<\/p><p><br><\/p>\n<p>El concepto favorable para un escrito sometido a revisi\u00f3n por parte de <strong><em>KANKEI, Revista sobre familia e interacci\u00f3n social<\/em><\/strong>, depende del cumplimiento de aspectos relevantes tales como:<\/p>\n<ul>\n<li>Uso met\u00f3dico de las normas de publicaci\u00f3n de APA;<\/li>\n<li>Delimitaci\u00f3n, inter\u00e9s y alcance del problema de investigaci\u00f3n; que trascienda lo local y en lo posible apunte a lo transnacional;<\/li>\n<li>Base te\u00f3rico-cient\u00edfica pertinente discutida de manera completa y adecuada;<\/li>\n<li>Metodolog\u00eda apropiada para el problema de investigaci\u00f3n; el m\u00e9todo debe desarrollarse completamente y en orden;<\/li>\n<li>Presentaci\u00f3n ajustada de los datos apuntando a su claridad y calidad;<\/li>\n<li>Tablas y figuras claras, pertinentes y suficientes (se incluyen en el texto);<\/li>\n<li>Discusi\u00f3n y resultados respaldados te\u00f3ricamente;<\/li>\n<li>Buena forma general y uso apropiado de la ortograf\u00eda y la sintaxis;<\/li>\n<li>Uso de fuentes latinoamericanas y europeas en proporciones razonables.<\/li>\n<\/ul>\n<p>Los manuscritos que no se ajusten completamente a las recomendaciones aqu\u00ed presentadas no ser\u00e1n considerados para evaluaci\u00f3n, hasta que se adecuen m\u00ednimamente.<\/p><p><br><\/p>\n<p>Los trabajos se deben enviar al Comit\u00e9 Editorial (correo electr\u00f3nico: <strong><em>revista@investigaci\u00f3n-kankei.com<\/em><\/strong>), en medio magn\u00e9tico (en versi\u00f3n Documento de Word 97-2003 o posterior); las propuestas en Formato de Documento Port\u00e1til (PDF; por sus siglas en ingl\u00e9s) no ser\u00e1n aceptadas, debido a la dificultad que genera en la edici\u00f3n ese tipo de archivos.<\/p><p><br><\/p>\n<p>Los escritos propuestos para revisi\u00f3n a distintas revistas, generalmente cuentan entre 750 palabras (menos de dos p\u00e1ginas) y 5000 palabras (aproximadamente veinte p\u00e1ginas), sin embargo, en <strong><em>KANKEI, Revista sobre familia e interacci\u00f3n social<\/em><\/strong>, valoramos el esfuerzo de los autores que, por alguna raz\u00f3n, requieren de hasta treinta (30) p\u00e1ginas<a href=\"#_ftn4\" name=\"_ftnref4\">[4]<\/a>, para desarrollar sus ideas de manera comprensiva.<\/p><p><br><\/p>\n<p>En todo caso, los editores agradecen el uso de papel tama\u00f1o carta, escrito a doble espacio, con m\u00e1rgenes derecho e izquierdo de tres (3) cent\u00edmetros.&nbsp; Las dem\u00e1s caracter\u00edsticas de formato y estilo deber\u00e1n coincidir con las normas internacionales de la <em>American Psychological Association<\/em> (APA).<\/p><p><br><\/p>\n<p><\/p>\n<h2>Normas \u00c9ticas<\/h2><div><br><\/div>\n<p><\/p>\n<p><strong><em>KANKEI, Revista sobre familia e interacci\u00f3n social<\/em><\/strong>, exige de los profesionales que someten a su consideraci\u00f3n sus manuscritos, ajustarse a las normas \u00e9ticas nacionales e internacionales. &nbsp;El Comit\u00e9 Cient\u00edfico Internacional, el Comit\u00e9 Editorial y los Pares Acad\u00e9micos consultados, consideran relevante tener en cuenta las siguientes normatividades y gu\u00edas b\u00e1sicas:<\/p>\n<p>American Psychological Association (2010). <em>Ethical principles of psychologists and code of conduct<\/em>. Amendments. New York, USA: Author.<\/p>\n<p>Canadian Psychological Association (2000). <em>Canadian Code of Ethics for Psychologists<\/em>. Ottawa, Canada: Author.<\/p>\n<p>CIOMS y OPS\/ OMS (2002). <em>Pautas \u00c9ticas Internacionales para la Investigaci\u00f3n Biom\u00e9dica en Seres Humanos<\/em>. Ginebra, Suiza: Autores.<\/p>\n<p>Congreso de la Rep\u00fablica de Colombia (2006, septiembre 6). <em>Ley 1090 de 2006. Por la cual se reglamenta el ejercicio de la profesi\u00f3n de Psicolog\u00eda, se dicta el C\u00f3digo Deontol\u00f3gico y Bio\u00e9tico y otras disposiciones<\/em>. Bogot\u00e1, D.C., Colombia: Autor.<\/p>\n<p>European Federation of Psychologists Associations &#8211; EFPA (2005). <em>Meta-code of ethics<\/em>. Brussels, Belgium: Author.<\/p>\n<p>Ministerio de Salud de la Rep\u00fablica de Colombia (1993, 4 de octubre). <em>Resoluci\u00f3n N\u00ba 008430 de 1993. Por la cual se establecen las normas cient\u00edficas, t\u00e9cnicas y administrativas para la investigaci\u00f3n en salud.<\/em> Bogot\u00e1, D.C., Colombia: Autor.<\/p>\n<p>World Health Organization (2001). <em>Declaration of Helsinki: Ethical Principles for Medical Research Involving Human Subjects<\/em>. Bulletin of the World Health Organization, 373-374. Geneva, Switzerland: Author.<\/p>\n<p>Cualquier otra que aplique de manera primordial al tipo de investigaci\u00f3n y a la latitud geogr\u00e1fica donde se encuentra el autor, coautores y\/o instituci\u00f3n de filiaci\u00f3n y\/o respaldo.<\/p>\n<p><\/p>\n<p>De acuerdo con los lineamientos enunciados por los documentos citados, ser\u00e1n responsabilidades del Comit\u00e9 Editorial:<\/p>\n<ul>\n<li>Actuar de manera equilibrada, objetiva y justa en el ejercicio de sus funciones, sin discriminar a los autores por su etnia, origen, g\u00e9nero, orientaci\u00f3n sexual, creencias religiosas o pol\u00edticas.<\/li>\n<li>Garantizar que los escritos sean considerados y aceptados teniendo en cuenta solamente sus m\u00e9ritos acad\u00e9micos y nunca por intereses comerciales o de prestigio.<\/li>\n<li>Adoptar y seguir procedimientos razonables ante posibles denuncias de car\u00e1cter \u00e9tico o de conflictos de inter\u00e9s, de conformidad con las pol\u00edticas y procedimientos establecidos en Colombia. Garantizar a todos los autores la oportunidad de ejercer su defensa ante cualquier reclamaci\u00f3n. Todas las reclamaciones deben ser investigadas independientemente de la fecha de aprobaci\u00f3n de la publicaci\u00f3n original. Con la documentaci\u00f3n asociada a cualquier tipo de reclamaci\u00f3n, se construir\u00e1 un expediente que se guardar\u00e1 durante el tiempo que se\u00f1ale la ley colombiana.&nbsp;<\/li>\n<\/ul>\n<p>De igual manera, ser\u00e1n responsabilidades de los Pares Acad\u00e9micos:<\/p>\n<ul>\n<li>Revisar objetivamente el manuscrito, en las fechas convenidas, con el inter\u00e9s de contribuir a la apropiada toma de decisiones y a la mejora de la calidad del trabajo y de la revista.<\/li>\n<li>Velar por la confidencialidad de la informaci\u00f3n facilitada por el autor a trav\u00e9s del Comit\u00e9 Editorial.<\/li>\n<li>Alertar al Comit\u00e9 Editorial sobre cualquier trabajo sometido a evaluaci\u00f3n, que sea similar a otro o que contenga apartes identificables en art\u00edculos o en obras ya publicadas.<\/li>\n<li>Determinar los posibles conflictos de inter\u00e9s, alertar al Comit\u00e9 Editorial y declararse impedido para adelantar la revisi\u00f3n del manuscrito.<\/li>\n<\/ul>\n<p>Finalmente, son responsabilidades de los Autores y Coautores:<\/p>\n<ul>\n<li>Mantener un registro exacto de los datos relacionados con el escrito sometido a estudio y estar dispuesto a proporcionar informaci\u00f3n espec\u00edfica e incluso, facilitar el acceso a dichos datos.<\/li>\n<li>Verificar que el manuscrito enviado no est\u00e9 siendo considerado ni haya sido aceptado para su publicaci\u00f3n en otra revista. En caso de realizar publicaciones parciales o de avances debe facilitar, al Comit\u00e9 Editorial, copia de cualquier otro escrito (en estudio o publicado) cuyo contenido tenga similitudes notorias.<\/li>\n<li>Asegurarse de la originalidad total de su trabajo y citar correctamente el contenido tomado de otras fuentes.<\/li>\n<li>Contar con el permiso correspondiente para reproducir cualquier contenido de otras fuentes.<\/li>\n<li>Asegurarse de que todos los estudios practicados en seres humanos o animales cumplan con las leyes y principios \u00e9ticos internacionales, nacionales, locales e institucionales. Se debe contar por escrito con consentimiento informado para el caso de estudios en seres humanos.<\/li>\n<li>Declarar cualquier posible conflicto de inter\u00e9s.<\/li>\n<li>Notificar de inmediato al Comit\u00e9 Editorial sobre los errores significativos en su art\u00edculo. Colaborar con el Comit\u00e9 Editorial en la construcci\u00f3n de <em>fe de erratas<\/em> o adenda o con el retiro del art\u00edculo en casos extremos.<\/li>\n<\/ul>\n<p><strong>&nbsp;<\/strong><\/p>\n<p><strong>&nbsp;<\/strong><strong style=\"font-family: var( --e-global-typography-text-font-family ), Sans-serif;\">&nbsp;<\/strong><\/p>\n<p><strong>Comit\u00e9 Editorial<\/strong><\/p>\n<p><strong><em>KANKEI, Revista sobre familia e interacci\u00f3n social<\/em><\/strong><\/p>\n<p><strong><em><br><\/em><\/strong><\/p>\n<p><strong><em><br><\/em><\/strong><\/p>\n<p><a href=\"#_ftnref1\" name=\"_ftn1\">[1]<\/a> Para el Comit\u00e9 Editorial, es <strong><em>Art\u00edculo<\/em><\/strong> el texto escrito que tiene entidad propia y se publica en conjunto con otros en una revista.&nbsp; Por esto, las palabras \u201cdocumento\u201d, \u201cmanuscrito\u201d, \u201ctexto\u201d, \u201cpropuesta\u201d, \u201ctrabajo\u201d y \u201cescrito\u201d ser\u00e1n entendidos como sin\u00f3nimos que refieren a un <strong><em>texto sin publicar<\/em><\/strong> que es sometido a estudio por parte del Comit\u00e9 Cient\u00edfico Internacional.<\/p>\n<p><a href=\"#_ftnref2\" name=\"_ftn2\">[2]<\/a> La tercera edici\u00f3n en espa\u00f1ol: American Psychological Association (2010). <em>Manual de publicaciones de la American Psychological Association<\/em>. M\u00e9xico, D.F., M\u00e9xico: Manual Moderno.<\/p>\n<p>The 6th edition in English: American Psychological Association (2009). <em>Publication Manual of the American Psychological Association<\/em>. Washington, D.C.: American Psychological Association.<\/p>\n<p><a href=\"#_ftnref3\" name=\"_ftn3\">[3]<\/a> Jim\u00e9nez \u00c1vila, J. M. (2011). Tipos de Publicaciones Cient\u00edficas. <em>Columna, 1(4),<\/em> 91-96. Disponible en https:\/\/www.medigraphic.com\/pdfs\/columna\/col-2011\/col114e.pdf<\/p>\n<p><a href=\"#_ftnref4\" name=\"_ftn4\">[4]<\/a> Para ciertos casos (por ejm., los dise\u00f1os con multicasos o multinivel, as\u00ed como de an\u00e1lisis cualitativo) pudieran ser aceptables documentos con extensiones superiores a las treinta (30) p\u00e1ginas.<\/p>\t\t\t\t\t\t<\/div>\n\t\t\t\t<\/div>\n\t\t\t\t\t<\/div>\n\t\t<\/div>\n\t\t\t\t\t\t\t<\/div>\n\t\t<\/section>\n\t\t\t\t\t\t<\/div>\n\t\t\t\t\t<\/div>\n\t\t","protected":false},"excerpt":{"rendered":"<p>Informaci\u00f3n para los autores Pol\u00edtica editorial KANKEI, Revista sobre familia e interacci\u00f3n social, est\u00e1 interesada&#8230;<\/p>\n","protected":false},"author":1,"featured_media":0,"parent":0,"menu_order":0,"comment_status":"closed","ping_status":"closed","template":"","meta":[],"_links":{"self":[{"href":"https:\/\/www.revista.investigacion-kankei.com\/index.php?rest_route=\/wp\/v2\/pages\/41"}],"collection":[{"href":"https:\/\/www.revista.investigacion-kankei.com\/index.php?rest_route=\/wp\/v2\/pages"}],"about":[{"href":"https:\/\/www.revista.investigacion-kankei.com\/index.php?rest_route=\/wp\/v2\/types\/page"}],"author":[{"embeddable":true,"href":"https:\/\/www.revista.investigacion-kankei.com\/index.php?rest_route=\/wp\/v2\/users\/1"}],"replies":[{"embeddable":true,"href":"https:\/\/www.revista.investigacion-kankei.com\/index.php?rest_route=%2Fwp%2Fv2%2Fcomments&post=41"}],"version-history":[{"count":18,"href":"https:\/\/www.revista.investigacion-kankei.com\/index.php?rest_route=\/wp\/v2\/pages\/41\/revisions"}],"predecessor-version":[{"id":243,"href":"https:\/\/www.revista.investigacion-kankei.com\/index.php?rest_route=\/wp\/v2\/pages\/41\/revisions\/243"}],"wp:attachment":[{"href":"https:\/\/www.revista.investigacion-kankei.com\/index.php?rest_route=%2Fwp%2Fv2%2Fmedia&parent=41"}],"curies":[{"name":"wp","href":"https:\/\/api.w.org\/{rel}","templated":true}]}}