{"id":43,"date":"2022-11-09T22:11:51","date_gmt":"2022-11-09T22:11:51","guid":{"rendered":"https:\/\/www.revista.investigacion-kankei.com\/?page_id=43"},"modified":"2023-04-26T15:07:57","modified_gmt":"2023-04-26T15:07:57","slug":"proceso-de-evaluacion-por-pares","status":"publish","type":"page","link":"https:\/\/www.revista.investigacion-kankei.com\/?page_id=43","title":{"rendered":"Proceso de evaluaci\u00f3n por pares"},"content":{"rendered":"\t\t<div data-elementor-type=\"wp-page\" data-elementor-id=\"43\" class=\"elementor elementor-43\" data-elementor-settings=\"[]\">\n\t\t\t\t\t\t\t<div class=\"elementor-section-wrap\">\n\t\t\t\t\t\t\t<section class=\"elementor-section elementor-top-section elementor-element elementor-element-0469193 elementor-section-boxed elementor-section-height-default elementor-section-height-default\" data-id=\"0469193\" data-element_type=\"section\">\n\t\t\t\t\t\t<div class=\"elementor-container elementor-column-gap-default\">\n\t\t\t\t\t<div class=\"elementor-column elementor-col-100 elementor-top-column elementor-element elementor-element-1244b9a\" data-id=\"1244b9a\" data-element_type=\"column\">\n\t\t\t<div class=\"elementor-widget-wrap elementor-element-populated\">\n\t\t\t\t\t\t\t\t<div class=\"elementor-element elementor-element-3673444 elementor-widget elementor-widget-spacer\" data-id=\"3673444\" data-element_type=\"widget\" data-widget_type=\"spacer.default\">\n\t\t\t\t<div class=\"elementor-widget-container\">\n\t\t\t\t\t<div class=\"elementor-spacer\">\n\t\t\t<div class=\"elementor-spacer-inner\"><\/div>\n\t\t<\/div>\n\t\t\t\t<\/div>\n\t\t\t\t<\/div>\n\t\t\t\t\t<\/div>\n\t\t<\/div>\n\t\t\t\t\t\t\t<\/div>\n\t\t<\/section>\n\t\t\t\t<section class=\"elementor-section elementor-top-section elementor-element elementor-element-35aa3bd elementor-section-boxed elementor-section-height-default elementor-section-height-default\" data-id=\"35aa3bd\" data-element_type=\"section\">\n\t\t\t\t\t\t<div class=\"elementor-container elementor-column-gap-default\">\n\t\t\t\t\t<div class=\"elementor-column elementor-col-100 elementor-top-column elementor-element elementor-element-e9c705a\" data-id=\"e9c705a\" data-element_type=\"column\">\n\t\t\t<div class=\"elementor-widget-wrap elementor-element-populated\">\n\t\t\t\t\t\t\t\t<div class=\"elementor-element elementor-element-4be2292 elementor-widget elementor-widget-heading\" data-id=\"4be2292\" data-element_type=\"widget\" data-widget_type=\"heading.default\">\n\t\t\t\t<div class=\"elementor-widget-container\">\n\t\t\t<h2 class=\"elementor-heading-title elementor-size-default\">KANKEI, Revista sobre familia e interacci\u00f3n social<\/h2>\t\t<\/div>\n\t\t\t\t<\/div>\n\t\t\t\t\t<\/div>\n\t\t<\/div>\n\t\t\t\t\t\t\t<\/div>\n\t\t<\/section>\n\t\t\t\t<section class=\"elementor-section elementor-top-section elementor-element elementor-element-5fa4945 elementor-section-boxed elementor-section-height-default elementor-section-height-default\" data-id=\"5fa4945\" data-element_type=\"section\">\n\t\t\t\t\t\t<div class=\"elementor-container elementor-column-gap-default\">\n\t\t\t\t\t<div class=\"elementor-column elementor-col-100 elementor-top-column elementor-element elementor-element-a1eeeaa\" data-id=\"a1eeeaa\" data-element_type=\"column\">\n\t\t\t<div class=\"elementor-widget-wrap elementor-element-populated\">\n\t\t\t\t\t\t\t\t<div class=\"elementor-element elementor-element-c2c9007 elementor-widget elementor-widget-heading\" data-id=\"c2c9007\" data-element_type=\"widget\" data-widget_type=\"heading.default\">\n\t\t\t\t<div class=\"elementor-widget-container\">\n\t\t\t<h3 class=\"elementor-heading-title elementor-size-default\">Proceso de evaluaci\u00f3n por pares<\/h3>\t\t<\/div>\n\t\t\t\t<\/div>\n\t\t\t\t\t<\/div>\n\t\t<\/div>\n\t\t\t\t\t\t\t<\/div>\n\t\t<\/section>\n\t\t\t\t<section class=\"elementor-section elementor-top-section elementor-element elementor-element-cd63e56 elementor-section-boxed elementor-section-height-default elementor-section-height-default\" data-id=\"cd63e56\" data-element_type=\"section\">\n\t\t\t\t\t\t<div class=\"elementor-container elementor-column-gap-default\">\n\t\t\t\t\t<div class=\"elementor-column elementor-col-100 elementor-top-column elementor-element elementor-element-60363fb\" data-id=\"60363fb\" data-element_type=\"column\">\n\t\t\t<div class=\"elementor-widget-wrap elementor-element-populated\">\n\t\t\t\t\t\t\t\t<div class=\"elementor-element elementor-element-a4d1d01 elementor-widget elementor-widget-text-editor\" data-id=\"a4d1d01\" data-element_type=\"widget\" data-widget_type=\"text-editor.default\">\n\t\t\t\t<div class=\"elementor-widget-container\">\n\t\t\t\t\t\t\t<p>El proceso de evaluaci\u00f3n de art\u00edculos cient\u00edficos por pares es el m\u00e9todo utilizado por <strong><em>KANKEI, Revista sobre familia e interacci\u00f3n social<\/em><\/strong>, para asegurar la calidad y la validez de los art\u00edculos cient\u00edficos que finalmente se publican. En este proceso, los art\u00edculos son evaluados por expertos en un campo de estudio espec\u00edfico, que revisan el trabajo y emiten un juicio sobre su calidad, originalidad y validez cient\u00edfica. Se trata de un proceso an\u00f3nimo de evaluaci\u00f3n, lo que significa que los autores del art\u00edculo no conocen la identidad de los revisores y los revisores no conocen la identidad de los autores con lo cual se garantiza que una evaluaci\u00f3n objetiva, no influenciada por prejuicios o relaciones personales. Se espera que, con los comentarios y sugerencias proporcionados por los revisores a los autores del manuscrito, se puedan acentuar las bondades del art\u00edculo aceptado e incrementar el nivel del aporte cient\u00edfico de la revista.<\/p><p><br><\/p>\n<p>Para <strong><em>KANKEI, Revista sobre familia e interacci\u00f3n social<\/em><\/strong>, los pares acad\u00e9micos, revisores o \u00e1rbitros, que son considerados para la revisi\u00f3n de art\u00edculos cient\u00edficos en la revista, suelen ser expertos en el \u00e1rea tem\u00e1tica del art\u00edculo y tener una amplia experiencia en investigaci\u00f3n e incluso publicaciones en el campo. Por lo general, estos expertos son profesores e investigadores con maestr\u00edas, doctorados y posdoctorados en la misma \u00e1rea tem\u00e1tica y\/o subcampo del art\u00edculo en cuesti\u00f3n. Cada uno de los pares o revisores es seleccionado de diversas fuentes; algunos revisores son contactados directamente por los editores de la revista debido a su reputaci\u00f3n en la comunidad acad\u00e9mica, otros son contactados a trav\u00e9s de revistas indexadas, seminarios y conferencias acad\u00e9micas; algunos son recomendados por otros expertos en la misma \u00e1rea tem\u00e1tica e incluso algunas universidades se hacen disponibles con sus docentes.<\/p><p><br><\/p>\n<p>En ocasiones, con base en listas de candidatos, los expertos son seleccionados por el <strong>Comit\u00e9 Editorial<\/strong> de la revista en funci\u00f3n de su experiencia y conocimiento del tema; <strong><em>KANKEI, Revista sobre familia e interacci\u00f3n social<\/em><\/strong>, exige a los revisores de los art\u00edculos mantener una perspectiva imparcial y objetiva, y evitar los conflictos de intereses; con el mecanismo de doble ciego se disminuye el efecto de las relaciones personales o profesionales cercanas con los autores del trabajo en cuesti\u00f3n. En algunos casos, los autores pueden sugerir revisores potenciales, pero la decisi\u00f3n final de qui\u00e9nes ser\u00e1n los revisores sigue siendo responsabilidad del <strong>Comit\u00e9 Editorial<\/strong> de la revista.<\/p><p><br><\/p>\n<p><strong><em>KANKEI, Revista sobre familia e interacci\u00f3n social<\/em><\/strong>, pretende estar al nivel de las revistas en ciencias sociales que tienen reputaci\u00f3n de tener un riguroso proceso de evaluaci\u00f3n por pares, por esto, nuestro proceso de revisi\u00f3n de art\u00edculos por pares implica varias etapas o pasos:<\/p>\n<p><\/p>\n<ol>\n<li><strong><em>Env\u00edo y sometimiento del art\u00edculo:<\/em><\/strong> El primer paso es el env\u00edo del art\u00edculo por parte del autor a la revista. El art\u00edculo debe cumplir con las directrices de la revista y estar en l\u00ednea con las tem\u00e1ticas de <strong><em>KANKEI, Revista sobre familia e interacci\u00f3n social<\/em><\/strong>. En ocasiones, cuando no sea posible editar m\u00e1s de un n\u00famero al a\u00f1o, los manuscritos entrar\u00e1n en fila de espera de acuerdo con la fecha de recibo por parte del <strong>Comit\u00e9 Editorial<\/strong> o del <strong>Director<\/strong> de la Revista.<\/li>\n<\/ol>\n<ol start=\"2\">\n<li><strong><em>Selecci\u00f3n de revisores:<\/em><\/strong> El <strong>Comit\u00e9 Editorial<\/strong> de la revista selecciona uno, dos o m\u00e1s pares acad\u00e9micos expertos en el \u00e1rea tem\u00e1tica del art\u00edculo para que revisen el manuscrito. La determinaci\u00f3n de m\u00e1s de un revisor o par acad\u00e9mico, depender\u00e1 de la complejidad y particular especialidad del manuscrito sometido a revisi\u00f3n.<\/li>\n<\/ol>\n<ol start=\"3\">\n<li><strong><em>Evaluaci\u00f3n por los revisores:<\/em><\/strong> Los pares leen, examinan y eval\u00faan el art\u00edculo para determinar su calidad, originalidad, relevancia y validez cient\u00edfica. <strong><em>KANKEI, Revista sobre familia e interacci\u00f3n social<\/em><\/strong>, cuenta con un formato que puede ser consultado por autores y pares acad\u00e9micos.<\/li>\n<\/ol>\n<ol start=\"4\">\n<li><strong><em>Comentarios y sugerencias:<\/em><\/strong> Los revisores del art\u00edculo proporcionan comentarios detallados sobre su contenido, estructura, metodolog\u00eda, resultados y conclusiones. Los revisores tambi\u00e9n pueden solicitar informaci\u00f3n adicional o sugerir cambios que mejoren el art\u00edculo. Adem\u00e1s, declaran si el art\u00edculo debe ser rechazado o aceptado, con o sin correcciones.<\/li>\n<\/ol>\n<ol start=\"5\">\n<li><strong><em>Decisi\u00f3n del Director:<\/em><\/strong> Una vez que se reciben los comentarios de los pares acad\u00e9micos, el <strong>Director<\/strong> de <strong><em>KANKEI, Revista sobre familia e interacci\u00f3n social<\/em><\/strong>, revisa los comentarios y decide si el art\u00edculo es aceptado, rechazado o si necesita revisiones adicionales; todo esto en funci\u00f3n de las recomendaciones de los revisores. Tambi\u00e9n es posible que sugiera una readecuaci\u00f3n de todo el documento para ser presentado al siguiente n\u00famero de la Revista.<\/li>\n<\/ol>\n<ol start=\"6\">\n<li><strong><em>Revisi\u00f3n y ajuste del art\u00edculo:<\/em><\/strong> Una vez el <strong>Director<\/strong> comunique al autor, la decisi\u00f3n de aceptar el art\u00edculo, este debe realiza los cambios recomendados por los revisores y responde a sus comentarios.<\/li>\n<\/ol>\n<ol start=\"7\">\n<li><strong><em>Revisi\u00f3n final:<\/em><\/strong> Si se solicitan revisiones adicionales, el autor revisa y modifica el art\u00edculo en funci\u00f3n de los comentarios recibidos de los revisores y el <strong>Director<\/strong>.<\/li>\n<\/ol>\n<ol start=\"8\">\n<li><strong><em>Aprobaci\u00f3n final:<\/em><\/strong> Una vez satisfechos los requerimientos de <strong>Director<\/strong> y pares acad\u00e9micos, el art\u00edculo pasa al <strong>Comit\u00e9 Editorial<\/strong> de la revista quien finalmente decide si lo aprueba para su publicaci\u00f3n en <strong><em>KANKEI, Revista sobre familia e interacci\u00f3n social<\/em><\/strong>.<\/li>\n<\/ol>\n<ol start=\"9\">\n<li><strong><em>Comunicaci\u00f3n de la decisi\u00f3n:<\/em><\/strong> Los autores son notificados sobre la decisi\u00f3n editorial, y se les proporciona informaci\u00f3n sobre los siguientes pasos, as\u00ed como los cambios que deben hacerse antes de la publicaci\u00f3n.<\/li>\n<\/ol>\n<p><\/p>\n<p><strong>Comit\u00e9 Editorial<\/strong><\/p>\n<p><strong><em>KANKEI, Revista sobre familia e interacci\u00f3n social<\/em><\/strong><\/p>\t\t\t\t\t\t<\/div>\n\t\t\t\t<\/div>\n\t\t\t\t\t<\/div>\n\t\t<\/div>\n\t\t\t\t\t\t\t<\/div>\n\t\t<\/section>\n\t\t\t\t\t\t<\/div>\n\t\t\t\t\t<\/div>\n\t\t","protected":false},"excerpt":{"rendered":"<p>KANKEI, Revista sobre familia e interacci\u00f3n social Proceso de evaluaci\u00f3n por pares El proceso de&#8230;<\/p>\n","protected":false},"author":1,"featured_media":0,"parent":0,"menu_order":0,"comment_status":"closed","ping_status":"closed","template":"","meta":[],"_links":{"self":[{"href":"https:\/\/www.revista.investigacion-kankei.com\/index.php?rest_route=\/wp\/v2\/pages\/43"}],"collection":[{"href":"https:\/\/www.revista.investigacion-kankei.com\/index.php?rest_route=\/wp\/v2\/pages"}],"about":[{"href":"https:\/\/www.revista.investigacion-kankei.com\/index.php?rest_route=\/wp\/v2\/types\/page"}],"author":[{"embeddable":true,"href":"https:\/\/www.revista.investigacion-kankei.com\/index.php?rest_route=\/wp\/v2\/users\/1"}],"replies":[{"embeddable":true,"href":"https:\/\/www.revista.investigacion-kankei.com\/index.php?rest_route=%2Fwp%2Fv2%2Fcomments&post=43"}],"version-history":[{"count":22,"href":"https:\/\/www.revista.investigacion-kankei.com\/index.php?rest_route=\/wp\/v2\/pages\/43\/revisions"}],"predecessor-version":[{"id":215,"href":"https:\/\/www.revista.investigacion-kankei.com\/index.php?rest_route=\/wp\/v2\/pages\/43\/revisions\/215"}],"wp:attachment":[{"href":"https:\/\/www.revista.investigacion-kankei.com\/index.php?rest_route=%2Fwp%2Fv2%2Fmedia&parent=43"}],"curies":[{"name":"wp","href":"https:\/\/api.w.org\/{rel}","templated":true}]}}