{"id":45,"date":"2022-11-09T22:13:27","date_gmt":"2022-11-09T22:13:27","guid":{"rendered":"https:\/\/www.revista.investigacion-kankei.com\/?page_id=45"},"modified":"2023-04-26T15:18:15","modified_gmt":"2023-04-26T15:18:15","slug":"proceso-editorial","status":"publish","type":"page","link":"https:\/\/www.revista.investigacion-kankei.com\/?page_id=45","title":{"rendered":"Proceso editorial"},"content":{"rendered":"\t\t<div data-elementor-type=\"wp-page\" data-elementor-id=\"45\" class=\"elementor elementor-45\" data-elementor-settings=\"[]\">\n\t\t\t\t\t\t\t<div class=\"elementor-section-wrap\">\n\t\t\t\t\t\t\t<section class=\"elementor-section elementor-top-section elementor-element elementor-element-12bc2f9 elementor-section-boxed elementor-section-height-default elementor-section-height-default\" data-id=\"12bc2f9\" data-element_type=\"section\">\n\t\t\t\t\t\t<div class=\"elementor-container elementor-column-gap-default\">\n\t\t\t\t\t<div class=\"elementor-column elementor-col-100 elementor-top-column elementor-element elementor-element-c7bd175\" data-id=\"c7bd175\" data-element_type=\"column\">\n\t\t\t<div class=\"elementor-widget-wrap elementor-element-populated\">\n\t\t\t\t\t\t\t\t<div class=\"elementor-element elementor-element-36aeddc elementor-widget elementor-widget-spacer\" data-id=\"36aeddc\" data-element_type=\"widget\" data-widget_type=\"spacer.default\">\n\t\t\t\t<div class=\"elementor-widget-container\">\n\t\t\t\t\t<div class=\"elementor-spacer\">\n\t\t\t<div class=\"elementor-spacer-inner\"><\/div>\n\t\t<\/div>\n\t\t\t\t<\/div>\n\t\t\t\t<\/div>\n\t\t\t\t\t<\/div>\n\t\t<\/div>\n\t\t\t\t\t\t\t<\/div>\n\t\t<\/section>\n\t\t\t\t<section class=\"elementor-section elementor-top-section elementor-element elementor-element-cbb8e92 elementor-section-boxed elementor-section-height-default elementor-section-height-default\" data-id=\"cbb8e92\" data-element_type=\"section\">\n\t\t\t\t\t\t<div class=\"elementor-container elementor-column-gap-default\">\n\t\t\t\t\t<div class=\"elementor-column elementor-col-100 elementor-top-column elementor-element elementor-element-106c24d\" data-id=\"106c24d\" data-element_type=\"column\">\n\t\t\t<div class=\"elementor-widget-wrap elementor-element-populated\">\n\t\t\t\t\t\t\t\t<div class=\"elementor-element elementor-element-7ae6d74 elementor-widget elementor-widget-heading\" data-id=\"7ae6d74\" data-element_type=\"widget\" data-widget_type=\"heading.default\">\n\t\t\t\t<div class=\"elementor-widget-container\">\n\t\t\t<h2 class=\"elementor-heading-title elementor-size-default\">KANKEI, Revista sobre familia e interacci\u00f3n social<\/h2>\t\t<\/div>\n\t\t\t\t<\/div>\n\t\t\t\t\t<\/div>\n\t\t<\/div>\n\t\t\t\t\t\t\t<\/div>\n\t\t<\/section>\n\t\t\t\t<section class=\"elementor-section elementor-top-section elementor-element elementor-element-3df23ea elementor-section-boxed elementor-section-height-default elementor-section-height-default\" data-id=\"3df23ea\" data-element_type=\"section\">\n\t\t\t\t\t\t<div class=\"elementor-container elementor-column-gap-default\">\n\t\t\t\t\t<div class=\"elementor-column elementor-col-100 elementor-top-column elementor-element elementor-element-339bd8e\" data-id=\"339bd8e\" data-element_type=\"column\">\n\t\t\t<div class=\"elementor-widget-wrap elementor-element-populated\">\n\t\t\t\t\t\t\t\t<div class=\"elementor-element elementor-element-b0266f7 elementor-widget elementor-widget-heading\" data-id=\"b0266f7\" data-element_type=\"widget\" data-widget_type=\"heading.default\">\n\t\t\t\t<div class=\"elementor-widget-container\">\n\t\t\t<h3 class=\"elementor-heading-title elementor-size-default\">Proceso editorial<\/h3>\t\t<\/div>\n\t\t\t\t<\/div>\n\t\t\t\t\t<\/div>\n\t\t<\/div>\n\t\t\t\t\t\t\t<\/div>\n\t\t<\/section>\n\t\t\t\t<section class=\"elementor-section elementor-top-section elementor-element elementor-element-b9a4515 elementor-section-boxed elementor-section-height-default elementor-section-height-default\" data-id=\"b9a4515\" data-element_type=\"section\">\n\t\t\t\t\t\t<div class=\"elementor-container elementor-column-gap-default\">\n\t\t\t\t\t<div class=\"elementor-column elementor-col-100 elementor-top-column elementor-element elementor-element-fa14dea\" data-id=\"fa14dea\" data-element_type=\"column\">\n\t\t\t<div class=\"elementor-widget-wrap elementor-element-populated\">\n\t\t\t\t\t\t\t\t<div class=\"elementor-element elementor-element-2930eed elementor-widget elementor-widget-text-editor\" data-id=\"2930eed\" data-element_type=\"widget\" data-widget_type=\"text-editor.default\">\n\t\t\t\t<div class=\"elementor-widget-container\">\n\t\t\t\t\t\t\t<p><strong><em>KANKEI, Revista sobre familia e interacci\u00f3n social<\/em><\/strong>, est\u00e1 interesada en contar con un <strong><em>Proceso Editorial <\/em><\/strong><strong><em>de alta calidad<\/em><\/strong>, que cuente al menos con las siguientes caracter\u00edsticas:<\/p><ul><li>Transparencia y claridad en los plazos de revisi\u00f3n y publicaci\u00f3n;<\/li><li>Uso de revisores o pares acad\u00e9micos expertos y objetivos;<\/li><li>Procedimientos rigurosos para la evaluaci\u00f3n de la calidad, originalidad y relevancia de los manuscritos;<\/li><li>Retroalimentaci\u00f3n constructiva y \u00fatil para los autores que coadyuven en su cualificaci\u00f3n como investigadores <em>senior<\/em> dentro de su \u00e1rea de conocimiento;<\/li><li>Respeto por los derechos de autor y las normas \u00e9ticas y de integridad acad\u00e9mica.<\/li><\/ul><p>\u00a0<\/p><p><strong><em>KANKEI, Revista sobre familia e interacci\u00f3n social<\/em><\/strong>, cuenta con un proceso editorial similar al de cualquier revista cient\u00edfica indexada, el cual implica una serie de etapas que se llevan a cabo desde la recepci\u00f3n de un manuscrito hasta la publicaci\u00f3n final como art\u00edculo en la revista. A continuaci\u00f3n, se describen las principales etapas del proceso editorial de esta revista:<\/p><p>\u00a0<\/p><ol><li><strong> Recepci\u00f3n del manuscrito:<\/strong> El proceso editorial comienza cuando el autor env\u00eda su manuscrito a <strong><em>KANKEI, Revista sobre familia e interacci\u00f3n social<\/em><\/strong>, cumpliendo con las normas y requisitos de la misma. Los autores o coautores interesados en publicar, pueden enviar sus manuscritos a trav\u00e9s del sistema en l\u00ednea de <strong><em>KANKEI, Revista sobre familia e interacci\u00f3n social<\/em><\/strong> o a trav\u00e9s del correo electr\u00f3nico <strong>revista@investigaci\u00f3n-kankei.com<\/strong>.<\/li><\/ol><p>\u00a0<\/p><ol start=\"2\"><li><strong>Evaluaci\u00f3n preliminar:<\/strong> El <strong>Comit\u00e9 Editorial<\/strong> de la revista, verifica la recepci\u00f3n del manuscrito, realiza una evaluaci\u00f3n preliminar para determinar si se ajusta al enfoque y alcance de la revista y si cumple con los criterios de calidad, relevancia e innovaci\u00f3n, as\u00ed como con las exigencias de forma y tem\u00e1tica, para luego emitir su concepto si es adecuado para su publicaci\u00f3n.<\/li><\/ol><p>\u00a0<\/p><ol start=\"3\"><li><strong>Revisi\u00f3n por pares:<\/strong> Si el <strong>Comit\u00e9 Editorial<\/strong> de la revista, considera que el manuscrito cumple con los criterios preliminares y es adecuado para su publicaci\u00f3n, se env\u00eda a revisi\u00f3n por pares. Los revisores pueden ser uno, dos o m\u00e1s expertos en el \u00e1rea de conocimiento o en el tema de investigaci\u00f3n espec\u00edfico del art\u00edculo, quienes eval\u00faan la calidad, originalidad y relevancia del manuscrito o trabajo y env\u00edan sus comentarios y recomendaciones. La revista hace llegar dichos comentarios al autor o coautores, quien(es) deber\u00e1(n) ajustar el trabajo a las sugerencias que considere pertinentes. El proceso de revisi\u00f3n por pares puede durar varias semanas o meses.<\/li><\/ol><p>\u00a0<\/p><ol start=\"4\"><li><strong>Decisi\u00f3n:<\/strong> Una vez que los revisores han enviado sus comentarios y recomendaciones, <strong>Comit\u00e9 Editorial<\/strong> de la revista, toma una decisi\u00f3n sobre la publicaci\u00f3n del art\u00edculo. Tal manuscrito revisado por pares puede ser: <strong><em>Aceptado sin cambios<\/em><\/strong>, <strong><em>Aceptado con cambios menores<\/em><\/strong>, <strong><em>Aceptado con cambios importantes<\/em><\/strong> o <strong><em>Rechazado<\/em><\/strong>. En caso de requerirse modificaciones menores, el autor tiene un plazo determinado para realizarlas y enviarlas a la revista; en el caso de los cambios importantes, el autor tendr\u00e1 mayor plazo y puede indic\u00e1rsele que lo presente en un siguiente n\u00famero de la Revista; los manuscritos rechazados son susceptible de ser replanteados y volver a ser presentados en una edici\u00f3n posterior de la revista.<\/li><\/ol><p>\u00a0<\/p><ol start=\"5\"><li><strong>Edici\u00f3n de copia:<\/strong> Una vez que el manuscrito es aceptado, el <strong>Comit\u00e9 Editorial<\/strong> de la revista trabaja con el autor o coautores para realizar una edici\u00f3n de copia que permita mejorar la claridad y la coherencia del texto. El autor tambi\u00e9n puede recibir comentarios sobre el formato y estilo de la publicaci\u00f3n.<\/li><\/ol><p>\u00a0<\/p><ol start=\"6\"><li><strong>Publicaci\u00f3n en l\u00ednea:<\/strong> Una vez que se han completado todas las etapas de revisi\u00f3n y edici\u00f3n, el art\u00edculo se publica en el sitio web o plataforma de divulgaci\u00f3n en l\u00ednea de <strong><em>KANKEI, Revista sobre familia e interacci\u00f3n social<\/em><\/strong>; eventualmente, un resumen del art\u00edculo podr\u00eda aparecer en las redes sociales del <strong><em>Grupo de Investigaci\u00f3n Kankei<\/em><\/strong> para su difusi\u00f3n. Los lectores y futuros autores y coautores pueden acceder al art\u00edculo en l\u00ednea y descargarlo para su lectura. Se pretende que varios de los art\u00edculos sean accesibles a trav\u00e9s de repositorios generales y otras bases de datos especializadas.<\/li><\/ol><p>\u00a0<\/p><ol start=\"7\"><li><strong>Indexaci\u00f3n:<\/strong> Finalmente, <strong><em>KANKEI, Revista sobre familia e interacci\u00f3n social<\/em><\/strong>, env\u00eda el art\u00edculo a los \u00edndices y bases de datos relevantes, para su inclusi\u00f3n en la literatura cient\u00edfica y su visibilidad en la comunidad acad\u00e9mica.<\/li><\/ol><p>\u00a0<\/p><p>\u00a0<\/p><p>Cabe destacar que este proceso puede variar en funci\u00f3n de futuros cambios en la l\u00ednea editorial y los ajustes en la pol\u00edtica editorial de la revista.<\/p><p>\u00a0<\/p><p>\u00a0<\/p><p><strong>Comit\u00e9 Editorial<\/strong><\/p><p><strong><em>KANKEI, Revista sobre familia e interacci\u00f3n social<\/em><\/strong><\/p>\t\t\t\t\t\t<\/div>\n\t\t\t\t<\/div>\n\t\t\t\t\t<\/div>\n\t\t<\/div>\n\t\t\t\t\t\t\t<\/div>\n\t\t<\/section>\n\t\t\t\t\t\t<\/div>\n\t\t\t\t\t<\/div>\n\t\t","protected":false},"excerpt":{"rendered":"<p>KANKEI, Revista sobre familia e interacci\u00f3n social Proceso editorial KANKEI, Revista sobre familia e interacci\u00f3n&#8230;<\/p>\n","protected":false},"author":1,"featured_media":0,"parent":0,"menu_order":0,"comment_status":"closed","ping_status":"closed","template":"","meta":[],"_links":{"self":[{"href":"https:\/\/www.revista.investigacion-kankei.com\/index.php?rest_route=\/wp\/v2\/pages\/45"}],"collection":[{"href":"https:\/\/www.revista.investigacion-kankei.com\/index.php?rest_route=\/wp\/v2\/pages"}],"about":[{"href":"https:\/\/www.revista.investigacion-kankei.com\/index.php?rest_route=\/wp\/v2\/types\/page"}],"author":[{"embeddable":true,"href":"https:\/\/www.revista.investigacion-kankei.com\/index.php?rest_route=\/wp\/v2\/users\/1"}],"replies":[{"embeddable":true,"href":"https:\/\/www.revista.investigacion-kankei.com\/index.php?rest_route=%2Fwp%2Fv2%2Fcomments&post=45"}],"version-history":[{"count":11,"href":"https:\/\/www.revista.investigacion-kankei.com\/index.php?rest_route=\/wp\/v2\/pages\/45\/revisions"}],"predecessor-version":[{"id":226,"href":"https:\/\/www.revista.investigacion-kankei.com\/index.php?rest_route=\/wp\/v2\/pages\/45\/revisions\/226"}],"wp:attachment":[{"href":"https:\/\/www.revista.investigacion-kankei.com\/index.php?rest_route=%2Fwp%2Fv2%2Fmedia&parent=45"}],"curies":[{"name":"wp","href":"https:\/\/api.w.org\/{rel}","templated":true}]}}