{"id":49,"date":"2022-11-09T22:14:40","date_gmt":"2022-11-09T22:14:40","guid":{"rendered":"https:\/\/www.revista.investigacion-kankei.com\/?page_id=49"},"modified":"2023-04-27T16:48:30","modified_gmt":"2023-04-27T16:48:30","slug":"declaracion-de-privacidad","status":"publish","type":"page","link":"https:\/\/www.revista.investigacion-kankei.com\/?page_id=49","title":{"rendered":"Declaraci\u00f3n de privacidad"},"content":{"rendered":"\t\t<div data-elementor-type=\"wp-page\" data-elementor-id=\"49\" class=\"elementor elementor-49\" data-elementor-settings=\"[]\">\n\t\t\t\t\t\t\t<div class=\"elementor-section-wrap\">\n\t\t\t\t\t\t\t<section class=\"elementor-section elementor-top-section elementor-element elementor-element-dd530e6 elementor-section-boxed elementor-section-height-default elementor-section-height-default\" data-id=\"dd530e6\" data-element_type=\"section\">\n\t\t\t\t\t\t<div class=\"elementor-container elementor-column-gap-default\">\n\t\t\t\t\t<div class=\"elementor-column elementor-col-100 elementor-top-column elementor-element elementor-element-b6f47ca\" data-id=\"b6f47ca\" data-element_type=\"column\">\n\t\t\t<div class=\"elementor-widget-wrap elementor-element-populated\">\n\t\t\t\t\t\t\t\t<div class=\"elementor-element elementor-element-c7a36b5 elementor-widget elementor-widget-spacer\" data-id=\"c7a36b5\" data-element_type=\"widget\" data-widget_type=\"spacer.default\">\n\t\t\t\t<div class=\"elementor-widget-container\">\n\t\t\t\t\t<div class=\"elementor-spacer\">\n\t\t\t<div class=\"elementor-spacer-inner\"><\/div>\n\t\t<\/div>\n\t\t\t\t<\/div>\n\t\t\t\t<\/div>\n\t\t\t\t\t<\/div>\n\t\t<\/div>\n\t\t\t\t\t\t\t<\/div>\n\t\t<\/section>\n\t\t\t\t<section class=\"elementor-section elementor-top-section elementor-element elementor-element-17640a9 elementor-section-boxed elementor-section-height-default elementor-section-height-default\" data-id=\"17640a9\" data-element_type=\"section\">\n\t\t\t\t\t\t<div class=\"elementor-container elementor-column-gap-default\">\n\t\t\t\t\t<div class=\"elementor-column elementor-col-100 elementor-top-column elementor-element elementor-element-b3f36ba\" data-id=\"b3f36ba\" data-element_type=\"column\">\n\t\t\t<div class=\"elementor-widget-wrap elementor-element-populated\">\n\t\t\t\t\t\t\t\t<div class=\"elementor-element elementor-element-cd9690d elementor-widget elementor-widget-heading\" data-id=\"cd9690d\" data-element_type=\"widget\" data-widget_type=\"heading.default\">\n\t\t\t\t<div class=\"elementor-widget-container\">\n\t\t\t<h2 class=\"elementor-heading-title elementor-size-default\">KANKEI, Revista sobre familia e interacci\u00f3n social<\/h2>\t\t<\/div>\n\t\t\t\t<\/div>\n\t\t\t\t\t<\/div>\n\t\t<\/div>\n\t\t\t\t\t\t\t<\/div>\n\t\t<\/section>\n\t\t\t\t<section class=\"elementor-section elementor-top-section elementor-element elementor-element-b34cf19 elementor-section-boxed elementor-section-height-default elementor-section-height-default\" data-id=\"b34cf19\" data-element_type=\"section\">\n\t\t\t\t\t\t<div class=\"elementor-container elementor-column-gap-default\">\n\t\t\t\t\t<div class=\"elementor-column elementor-col-100 elementor-top-column elementor-element elementor-element-640c543\" data-id=\"640c543\" data-element_type=\"column\">\n\t\t\t<div class=\"elementor-widget-wrap elementor-element-populated\">\n\t\t\t\t\t\t\t\t<div class=\"elementor-element elementor-element-a1613ee elementor-widget elementor-widget-heading\" data-id=\"a1613ee\" data-element_type=\"widget\" data-widget_type=\"heading.default\">\n\t\t\t\t<div class=\"elementor-widget-container\">\n\t\t\t<h3 class=\"elementor-heading-title elementor-size-default\">Declaraci\u00f3n de privacidad<\/h3>\t\t<\/div>\n\t\t\t\t<\/div>\n\t\t\t\t\t<\/div>\n\t\t<\/div>\n\t\t\t\t\t\t\t<\/div>\n\t\t<\/section>\n\t\t\t\t<section class=\"elementor-section elementor-top-section elementor-element elementor-element-4b337f18 elementor-section-boxed elementor-section-height-default elementor-section-height-default\" data-id=\"4b337f18\" data-element_type=\"section\">\n\t\t\t\t\t\t<div class=\"elementor-container elementor-column-gap-default\">\n\t\t\t\t\t<div class=\"elementor-column elementor-col-100 elementor-top-column elementor-element elementor-element-343358a9\" data-id=\"343358a9\" data-element_type=\"column\">\n\t\t\t<div class=\"elementor-widget-wrap elementor-element-populated\">\n\t\t\t\t\t\t\t\t<div class=\"elementor-element elementor-element-572df6f4 elementor-widget elementor-widget-text-editor\" data-id=\"572df6f4\" data-element_type=\"widget\" data-widget_type=\"text-editor.default\">\n\t\t\t\t<div class=\"elementor-widget-container\">\n\t\t\t\t\t\t\t<p>Al igual que todas las revistas cient\u00edficas, <strong><em>KANKEI, Revista sobre familia e interacci\u00f3n social<\/em><\/strong>, tiene requisitos y pr\u00e1cticas espec\u00edficas para el manejo de la informaci\u00f3n personal de sus <strong><em>autores<\/em><\/strong>, <strong><em>revisores<\/em><\/strong> o <strong><em>pares acad\u00e9micos<\/em><\/strong> y <strong><em>lectores<\/em><\/strong>. En Colombia, <strong><em>KANKEI, Revista sobre familia e interacci\u00f3n social<\/em><\/strong>, se somete en su pol\u00edtica de manejo de datos y declaraci\u00f3n de privacidad a la ley colombiana que regula el manejo de datos personales (<a href=\"http:\/\/www.secretariasenado.gov.co\/senado\/basedoc\/ley_1581_2012.html\"><strong><em>Ley Estatutaria 1581 de 2012<\/em><\/strong><\/a>), la cual establece el marco general para la protecci\u00f3n de datos personales en la Rep\u00fablica. Esta ley establece los principios, derechos y obligaciones relacionados con la recolecci\u00f3n, almacenamiento, uso, circulaci\u00f3n y supresi\u00f3n de datos personales, as\u00ed como las sanciones aplicables en caso de incumplimiento y es aplicable a todas las personas naturales o jur\u00eddicas que manejen informaci\u00f3n de cualquier tipo, de \u00edndole personal, empresarial, respecto de entidades gubernamentales y organizaciones no gubernamentales, en el territorio colombiano.<\/p>\n<p>De acuerdo con la normatividad vigente en Colombia, <strong><em>KANKEI, Revista sobre familia e interacci\u00f3n social<\/em><\/strong>, se somete a la vigilancia de la Superintendencia de Industria y Comercio como entidad encargada de supervisar y hacer cumplir la <a href=\"http:\/\/www.secretariasenado.gov.co\/senado\/basedoc\/ley_1581_2012.html\">Ley 1581 de 2012<\/a>, con la autoridad para imponer sanciones a las entidades que incumplen con sus disposiciones.<\/p>\n<p>En el caso de <strong><em>autores<\/em><\/strong>, <strong><em>revisores<\/em><\/strong> o <strong><em>pares acad\u00e9micos<\/em><\/strong> y <strong><em>lectores <\/em><\/strong>no colombianos o radicados en el exterior, <strong><em>KANKEI, Revista sobre familia e interacci\u00f3n social<\/em><\/strong>, adopta una pol\u00edtica de manejo de datos y declaraci\u00f3n de privacidad, con base en la normatividad colombiana y respetando los par\u00e1metros \u00e9ticos del ejercicio de las profesiones y de la investigaci\u00f3n cient\u00edfica.<\/p>\n<p><strong><em>KANKEI, Revista sobre familia e interacci\u00f3n social<\/em><\/strong>, recopila informaci\u00f3n personal, como nombres, direcciones de correo electr\u00f3nico, afiliaciones y datos de contacto, solo para fines relacionados con el proceso editorial de la revista, incluyendo el proceso de revisi\u00f3n por pares y la comunicaci\u00f3n con autores y revisores; de otro lado, tales datos ayudan en el env\u00edo de actualizaciones y noticias sobre la revista, as\u00ed como en el an\u00e1lisis de calidad mediante estad\u00edsticas internas.<\/p>\n<p>No obstante, <strong><em>los autores de art\u00edculos<\/em><\/strong> revisados y escogidos para su publicaci\u00f3n en la revista, comprenden que sus nombres, filiaci\u00f3n, ORCID y correo de contacto, necesariamente deben aparecer al pie del art\u00edculo que se les publica. Los <strong><em>revisores<\/em><\/strong> o <strong><em>pares acad\u00e9micos<\/em><\/strong>, autorizan a que sus nombres y t\u00edtulos acad\u00e9micos aparezcan en un listado general de pares acad\u00e9micos y revisores de los art\u00edculos publicados en los distintos n\u00fameros de la revista.<\/p>\n<p>Nunca se comparte esta informaci\u00f3n con terceros sin el consentimiento expl\u00edcito de los usuarios. Toda la informaci\u00f3n personal se almacena en servidores seguros, y se protege mediante medidas t\u00e9cnicas y organizativas para evitar el acceso no autorizado. Solo el personal autorizado de <strong><em>KANKEI, Revista sobre familia e interacci\u00f3n social<\/em><\/strong>, tiene acceso a la informaci\u00f3n personal. Adem\u00e1s, se han incluido medidas de seguridad como la encriptaci\u00f3n y la protecci\u00f3n de contrase\u00f1as.<\/p>\n<p>Si los autores, revisores, pares acad\u00e9micos, auspiciadores y lectores tienen una cuenta de usuario en la p\u00e1gina web de la revista, pueden acceder, modificar o eliminar su informaci\u00f3n personal en cualquier momento a trav\u00e9s de su cuenta de usuario. Adem\u00e1s, los usuarios pueden darse de baja de cualquier lista de correo electr\u00f3nico de la revista en cualquier momento.<\/p>\n<p><strong><em>KANKEI, Revista sobre familia e interacci\u00f3n social<\/em><\/strong>, utiliza cookies en su p\u00e1gina web para mejorar la funcionalidad y la experiencia del usuario. Las cookies no contienen informaci\u00f3n personal y los usuarios pueden configurar su navegador para desactivar tales cookies.<\/p>\n<p><strong><em>KANKEI, Revista sobre familia e interacci\u00f3n social<\/em><\/strong>, se esfuerza por cumplir con las leyes y regulaciones aplicables a la privacidad de la informaci\u00f3n, y se compromete a mejorar continuamente sus pr\u00e1cticas de privacidad. Si tiene alguna pregunta o inquietud sobre la pol\u00edtica de manejo de datos y declaraci\u00f3n de privacidad, no dude en contactarnos.<\/p>\n<p><strong><em>KANKEI, Revista sobre familia e interacci\u00f3n social<\/em><\/strong>, sugiere que antes de aceptar ser uno de nuestros <strong><em>autores<\/em><\/strong>, <strong><em>revisores<\/em><\/strong>, <strong><em>pares acad\u00e9micos<\/em><\/strong> o <strong><em>lectores<\/em><\/strong> lea cuidadosamente y en su totalidad la declaraci\u00f3n de privacidad y pol\u00edtica de manejo de datos de la revista indexada, teniendo en cuenta que esta puede variar seg\u00fan la pol\u00edtica editorial de la revista y las leyes y regulaciones aplicables. Al interactuar con nuestra revista, entendemos que est\u00e1 de acuerdo con nuestra pol\u00edtica de manejo de datos y declaraci\u00f3n de privacidad.<\/p>\n<p>\u00a0<\/p>\n<p><strong>Comit\u00e9 Editorial<\/strong><\/p>\n<p><strong><em>KANKEI, Revista sobre familia e interacci\u00f3n social<\/em><\/strong><\/p>\n<p>\u00a0<\/p>\t\t\t\t\t\t<\/div>\n\t\t\t\t<\/div>\n\t\t\t\t\t<\/div>\n\t\t<\/div>\n\t\t\t\t\t\t\t<\/div>\n\t\t<\/section>\n\t\t\t\t\t\t<\/div>\n\t\t\t\t\t<\/div>\n\t\t","protected":false},"excerpt":{"rendered":"<p>KANKEI, Revista sobre familia e interacci\u00f3n social Declaraci\u00f3n de privacidad Al igual que todas las&#8230;<\/p>\n","protected":false},"author":1,"featured_media":0,"parent":0,"menu_order":0,"comment_status":"closed","ping_status":"closed","template":"","meta":[],"_links":{"self":[{"href":"https:\/\/www.revista.investigacion-kankei.com\/index.php?rest_route=\/wp\/v2\/pages\/49"}],"collection":[{"href":"https:\/\/www.revista.investigacion-kankei.com\/index.php?rest_route=\/wp\/v2\/pages"}],"about":[{"href":"https:\/\/www.revista.investigacion-kankei.com\/index.php?rest_route=\/wp\/v2\/types\/page"}],"author":[{"embeddable":true,"href":"https:\/\/www.revista.investigacion-kankei.com\/index.php?rest_route=\/wp\/v2\/users\/1"}],"replies":[{"embeddable":true,"href":"https:\/\/www.revista.investigacion-kankei.com\/index.php?rest_route=%2Fwp%2Fv2%2Fcomments&post=49"}],"version-history":[{"count":19,"href":"https:\/\/www.revista.investigacion-kankei.com\/index.php?rest_route=\/wp\/v2\/pages\/49\/revisions"}],"predecessor-version":[{"id":320,"href":"https:\/\/www.revista.investigacion-kankei.com\/index.php?rest_route=\/wp\/v2\/pages\/49\/revisions\/320"}],"wp:attachment":[{"href":"https:\/\/www.revista.investigacion-kankei.com\/index.php?rest_route=%2Fwp%2Fv2%2Fmedia&parent=49"}],"curies":[{"name":"wp","href":"https:\/\/api.w.org\/{rel}","templated":true}]}}