{"id":51,"date":"2022-11-09T22:15:06","date_gmt":"2022-11-09T22:15:06","guid":{"rendered":"https:\/\/www.revista.investigacion-kankei.com\/?page_id=51"},"modified":"2023-04-27T18:42:37","modified_gmt":"2023-04-27T18:42:37","slug":"equipo-editorial","status":"publish","type":"page","link":"https:\/\/www.revista.investigacion-kankei.com\/?page_id=51","title":{"rendered":"Equipo editorial"},"content":{"rendered":"\t\t<div data-elementor-type=\"wp-page\" data-elementor-id=\"51\" class=\"elementor elementor-51\" data-elementor-settings=\"[]\">\n\t\t\t\t\t\t\t<div class=\"elementor-section-wrap\">\n\t\t\t\t\t\t\t<section class=\"elementor-section elementor-top-section elementor-element elementor-element-d609023 elementor-section-boxed elementor-section-height-default elementor-section-height-default\" data-id=\"d609023\" data-element_type=\"section\">\n\t\t\t\t\t\t<div class=\"elementor-container elementor-column-gap-default\">\n\t\t\t\t\t<div class=\"elementor-column elementor-col-100 elementor-top-column elementor-element elementor-element-38efe96\" data-id=\"38efe96\" data-element_type=\"column\">\n\t\t\t<div class=\"elementor-widget-wrap elementor-element-populated\">\n\t\t\t\t\t\t\t\t<div class=\"elementor-element elementor-element-1f63ebe elementor-widget elementor-widget-spacer\" data-id=\"1f63ebe\" data-element_type=\"widget\" data-widget_type=\"spacer.default\">\n\t\t\t\t<div class=\"elementor-widget-container\">\n\t\t\t\t\t<div class=\"elementor-spacer\">\n\t\t\t<div class=\"elementor-spacer-inner\"><\/div>\n\t\t<\/div>\n\t\t\t\t<\/div>\n\t\t\t\t<\/div>\n\t\t\t\t\t<\/div>\n\t\t<\/div>\n\t\t\t\t\t\t\t<\/div>\n\t\t<\/section>\n\t\t\t\t<section class=\"elementor-section elementor-top-section elementor-element elementor-element-312ee48 elementor-section-boxed elementor-section-height-default elementor-section-height-default\" data-id=\"312ee48\" data-element_type=\"section\">\n\t\t\t\t\t\t<div class=\"elementor-container elementor-column-gap-default\">\n\t\t\t\t\t<div class=\"elementor-column elementor-col-100 elementor-top-column elementor-element elementor-element-c8fd72c\" data-id=\"c8fd72c\" data-element_type=\"column\">\n\t\t\t<div class=\"elementor-widget-wrap elementor-element-populated\">\n\t\t\t\t\t\t\t\t<div class=\"elementor-element elementor-element-1584656 elementor-widget elementor-widget-heading\" data-id=\"1584656\" data-element_type=\"widget\" data-widget_type=\"heading.default\">\n\t\t\t\t<div class=\"elementor-widget-container\">\n\t\t\t<h2 class=\"elementor-heading-title elementor-size-default\">KANKEI, Revista sobre familia e interacci\u00f3n social<\/h2>\t\t<\/div>\n\t\t\t\t<\/div>\n\t\t\t\t\t<\/div>\n\t\t<\/div>\n\t\t\t\t\t\t\t<\/div>\n\t\t<\/section>\n\t\t\t\t<section class=\"elementor-section elementor-top-section elementor-element elementor-element-a215470 elementor-section-boxed elementor-section-height-default elementor-section-height-default\" data-id=\"a215470\" data-element_type=\"section\">\n\t\t\t\t\t\t<div class=\"elementor-container elementor-column-gap-default\">\n\t\t\t\t\t<div class=\"elementor-column elementor-col-100 elementor-top-column elementor-element elementor-element-4aa1a5e\" data-id=\"4aa1a5e\" data-element_type=\"column\">\n\t\t\t<div class=\"elementor-widget-wrap elementor-element-populated\">\n\t\t\t\t\t\t\t\t<div class=\"elementor-element elementor-element-5d72b80 elementor-widget elementor-widget-text-editor\" data-id=\"5d72b80\" data-element_type=\"widget\" data-widget_type=\"text-editor.default\">\n\t\t\t\t<div class=\"elementor-widget-container\">\n\t\t\t\t\t\t\t<p>\u00a0<\/p><p>\u00a0<\/p><h2>Director-Editor<\/h2><p><strong><em>\u00a0<\/em><\/strong><\/p><p><strong><em>Jorge Erwin Camacho Galindo, M.Phil.<\/em><\/strong><\/p><p>Director y Fundador del Grupo de Investigaci\u00f3n Interdisciplinar \u201cPerspectiva psicojur\u00eddica del conflicto, la violencia y otras interacciones humanas\u201d.<\/p><p>\u00a0<\/p><p>\u00a0<\/p><h2>Comit\u00e9 \u00c9tico Cient\u00edfico<\/h2><p><strong><em>Roberto Sicard Le\u00f3n, M.PsyFor.<\/em><\/strong><\/p><p>Miembro Fundador del Grupo de Investigaci\u00f3n Interdisciplinar \u201cPerspectiva psicojur\u00eddica del conflicto, la violencia y otras interacciones humanas\u201d.<\/p><p>\u00a0<\/p><p><strong><em>Jorge Erwin Camacho Galindo, M.Phil.<\/em><\/strong><\/p><p>Investigador activo del Grupo de Investigaci\u00f3n Interdisciplinar Kankei.<\/p><p>\u00a0<\/p><p><strong><em>Daniela Catalina S\u00e1nchez Castilla, Esp.PsyFor.<\/em><\/strong><\/p><p>Miembro Fundador del Grupo de Investigaci\u00f3n Interdisciplinar \u201cPerspectiva psicojur\u00eddica del conflicto, la violencia y otras interacciones humanas\u201d.<\/p><p>\u00a0<\/p><p>\u00a0<\/p><h2>Comit\u00e9 Editorial<\/h2><p>\u00a0<\/p><p><strong><em>Daniela Catalina S\u00e1nchez Castilla, Esp.PsyFor.<\/em><\/strong><\/p><p>Investigadora activa del Grupo de Investigaci\u00f3n Interdisciplinar Kankei.<\/p><p>\u00a0<\/p><p><strong><em>Hernando Iv\u00e1n Padilla Luna, M.Sc.<\/em><\/strong><\/p><p>Investigador activo del Grupo de Investigaci\u00f3n Interdisciplinar Kankei.<\/p><p>\u00a0<\/p><p><strong><em>Jorge Erwin Camacho Galindo, M.Phil.<\/em><\/strong><\/p><p>Investigador activo del Grupo de Investigaci\u00f3n Interdisciplinar Kankei.<\/p><p>\u00a0<\/p><h2>Producci\u00f3n Editorial<\/h2><p><strong><em>\u00a0<\/em><\/strong><\/p><p><strong><em>Jorge Erwin Camacho Galindo, MPhil<\/em><\/strong><\/p><p>Director Revista KANKEI<\/p><p>\u00a0<\/p><p><strong><em>Roberto Sicard Le\u00f3n, MPsy<\/em><\/strong><\/p><p>Coordinador del Comit\u00e9 \u00c9tico Cient\u00edfico<\/p><p><strong><em>\u00a0<\/em><\/strong><\/p><p><strong><em>Daniela Catalina S\u00e1nchez Castilla, Psy<\/em><\/strong><\/p><p>Coordinadora Asuntos Internacionales<\/p><p><strong><em>\u00a0<\/em><\/strong><\/p><p><strong><em>\u00c1ngela Yamile Villamil Le\u00f3n, MPsy<\/em><\/strong><\/p><p>Coordinadora Relaciones Interinstitucionales<\/p><p>\u00a0<\/p><p><strong><em>Hernando Iv\u00e1n Padilla Luna, MSc<\/em><\/strong><\/p><p>Coordinador de Redacci\u00f3n y M\u00e9todos<\/p><p><strong><em>\u00a0<\/em><\/strong><\/p><p><strong><em>David Felipe Herrera Mart\u00ednez <\/em><\/strong><\/p><p>Coordinador de Procesos y software<\/p><p>\u00a0<\/p><p><strong><em>Sarah Natalhie Camacho Mart\u00ednez<\/em><\/strong><\/p><p>Coordinadora de Dise\u00f1o y Medios Audiovisuales<\/p><p>\u00a0<\/p><p><strong><em>Susana Guti\u00e9rrez Castiblanco<\/em><\/strong><\/p><p>Coordinadora de Publicidad e Impacto<\/p><p>\u00a0<\/p><p>\u00a0<\/p><p><strong>Comit\u00e9 Cient\u00edfico Internacional<\/strong><\/p><p>\u00a0<\/p><p>El Comit\u00e9 Cient\u00edfico de <strong>KANKEI, Revista sobre familia e interacci\u00f3n social<\/strong>, es un equipo de profesionales de distintas nacionalidades y campos de conocimiento, interesados en los temas de la familia y la interacci\u00f3n social, violenta y no violenta. Algunos de ellos son reconocidos miembros de los consejos de redacci\u00f3n de otras revistas cient\u00edficas. Al configurar un grupo de expertos en la materia, pueden proponer art\u00edculos para revisi\u00f3n, revisar manuscritos presentados por distintos autores (en ning\u00fan caso los propuestos por ellos mismos), presentar candidatos a revisores o pares acad\u00e9micos, asesorar sobre los criterios y objetivos de la revista, participar como editores invitados, identificar temas para n\u00fameros especiales de la revista, atraer a nuevos autores e instituciones. Adem\u00e1s, pueden configurar equipos de editores asociados en \u00e1reas o tem\u00e1ticas muy espec\u00edficas.<\/p><p><strong><em>KANKEI, Revista sobre familia e interacci\u00f3n social<\/em><\/strong>, inici\u00f3 la conformaci\u00f3n de su Comit\u00e9 Cient\u00edfico Internacional en mayo de 2016 y comenzar\u00e1 su recambio consecutivo, empezando por el m\u00e1s antiguo de sus miembros, una vez se complete un equipo de 15 profesionales y, despu\u00e9s de ello, reemplazar\u00e1 a quienes completen tres a\u00f1os o a quienes renuncien a su privilegio antes de completar este per\u00edodo. Cada reemplazo se realizar\u00e1 inmediatamente, sin paralizar las actividades editoriales.<\/p><p>\u00a0<\/p><p>\u00a0<\/p><h2>Pares Acad\u00e9micos<\/h2><p>\u00a0<\/p><p><strong>KANKEI, Revista sobre familia e interacci\u00f3n social<\/strong>, garantiza que cada propuesta ser\u00e1 sometida a la evaluaci\u00f3n de un Par Acad\u00e9mico, nacional o internacional, experto en el \u00e1rea, enfoque o \u00e9nfasis que gu\u00eda la disertaci\u00f3n o investigaci\u00f3n sometida a revisi\u00f3n. En cada revisi\u00f3n, los Pares Acad\u00e9micos ser\u00e1n nombrados por el Comit\u00e9 Editorial seg\u00fan sugerencia del Comit\u00e9 Cient\u00edfico Internacional y de pares evaluadores anteriores, pero guardando el anonimato tanto del par como del autor (proceso de doble ciego). Cualquier controversia surgida por raz\u00f3n de la evaluaci\u00f3n de una disertaci\u00f3n o investigaci\u00f3n sometida a revisi\u00f3n, ser\u00e1 dirimida por un (1) miembro del Comit\u00e9 \u00c9tico Cient\u00edfico, un (1) miembro del Comit\u00e9 Cient\u00edfico Internacional y uno (1) del Comit\u00e9 Editorial quienes conformar\u00e1n un tribunal decisorio.<\/p><p>\u00a0<\/p>\t\t\t\t\t\t<\/div>\n\t\t\t\t<\/div>\n\t\t\t\t\t<\/div>\n\t\t<\/div>\n\t\t\t\t\t\t\t<\/div>\n\t\t<\/section>\n\t\t\t\t\t\t<\/div>\n\t\t\t\t\t<\/div>\n\t\t","protected":false},"excerpt":{"rendered":"<p>KANKEI, Revista sobre familia e interacci\u00f3n social \u00a0 \u00a0 Director-Editor \u00a0 Jorge Erwin Camacho Galindo,&#8230;<\/p>\n","protected":false},"author":1,"featured_media":0,"parent":0,"menu_order":0,"comment_status":"closed","ping_status":"closed","template":"","meta":[],"_links":{"self":[{"href":"https:\/\/www.revista.investigacion-kankei.com\/index.php?rest_route=\/wp\/v2\/pages\/51"}],"collection":[{"href":"https:\/\/www.revista.investigacion-kankei.com\/index.php?rest_route=\/wp\/v2\/pages"}],"about":[{"href":"https:\/\/www.revista.investigacion-kankei.com\/index.php?rest_route=\/wp\/v2\/types\/page"}],"author":[{"embeddable":true,"href":"https:\/\/www.revista.investigacion-kankei.com\/index.php?rest_route=\/wp\/v2\/users\/1"}],"replies":[{"embeddable":true,"href":"https:\/\/www.revista.investigacion-kankei.com\/index.php?rest_route=%2Fwp%2Fv2%2Fcomments&post=51"}],"version-history":[{"count":31,"href":"https:\/\/www.revista.investigacion-kankei.com\/index.php?rest_route=\/wp\/v2\/pages\/51\/revisions"}],"predecessor-version":[{"id":323,"href":"https:\/\/www.revista.investigacion-kankei.com\/index.php?rest_route=\/wp\/v2\/pages\/51\/revisions\/323"}],"wp:attachment":[{"href":"https:\/\/www.revista.investigacion-kankei.com\/index.php?rest_route=%2Fwp%2Fv2%2Fmedia&parent=51"}],"curies":[{"name":"wp","href":"https:\/\/api.w.org\/{rel}","templated":true}]}}