{"id":55,"date":"2022-11-09T22:16:03","date_gmt":"2022-11-09T22:16:03","guid":{"rendered":"https:\/\/www.revista.investigacion-kankei.com\/?page_id=55"},"modified":"2024-04-13T23:49:42","modified_gmt":"2024-04-13T23:49:42","slug":"numero-actual","status":"publish","type":"page","link":"https:\/\/www.revista.investigacion-kankei.com\/?page_id=55","title":{"rendered":"N\u00famero actual"},"content":{"rendered":"\t\t<div data-elementor-type=\"wp-page\" data-elementor-id=\"55\" class=\"elementor elementor-55\" data-elementor-settings=\"[]\">\n\t\t\t\t\t\t\t<div class=\"elementor-section-wrap\">\n\t\t\t\t\t\t\t<section class=\"elementor-section elementor-top-section elementor-element elementor-element-150bd69 elementor-section-boxed elementor-section-height-default elementor-section-height-default\" data-id=\"150bd69\" data-element_type=\"section\">\n\t\t\t\t\t\t<div class=\"elementor-container elementor-column-gap-default\">\n\t\t\t\t\t<div class=\"elementor-column elementor-col-66 elementor-top-column elementor-element elementor-element-c4215ff\" data-id=\"c4215ff\" data-element_type=\"column\">\n\t\t\t<div class=\"elementor-widget-wrap elementor-element-populated\">\n\t\t\t\t\t\t\t\t<div class=\"elementor-element elementor-element-369f578 elementor-widget elementor-widget-heading\" data-id=\"369f578\" data-element_type=\"widget\" data-widget_type=\"heading.default\">\n\t\t\t\t<div class=\"elementor-widget-container\">\n\t\t\t<h2 class=\"elementor-heading-title elementor-size-default\"><br>Psicolog\u00eda y sociedad teor\u00edas, cr\u00edticas y perspectivas.<br><\/h2>\t\t<\/div>\n\t\t\t\t<\/div>\n\t\t\t\t<div class=\"elementor-element elementor-element-8384650 elementor-widget elementor-widget-text-editor\" data-id=\"8384650\" data-element_type=\"widget\" data-widget_type=\"text-editor.default\">\n\t\t\t\t<div class=\"elementor-widget-container\">\n\t\t\t\t\t\t\t<p style=\"text-align: center;\">\u00a0Editor invitado: Juan Sebasti\u00e1n Casta\u00f1eda Soto<\/p>\t\t\t\t\t\t<\/div>\n\t\t\t\t<\/div>\n\t\t\t\t<div class=\"elementor-element elementor-element-e5b59e7 elementor-widget elementor-widget-text-editor\" data-id=\"e5b59e7\" data-element_type=\"widget\" data-widget_type=\"text-editor.default\">\n\t\t\t\t<div class=\"elementor-widget-container\">\n\t\t\t\t\t\t\t<p>La psicolog\u00eda cr\u00edtica es una perspectiva que cuestiona las bases tradicionales y busca comprender c\u00f3mo las estructuras sociales afectan el pensamiento, las acciones y la salud mental de las personas, por lo cual resulta ser una herramienta valiosa para comprender y cuestionar las bases de la disciplina, considerando su contexto hist\u00f3rico y social, al tiempo que desarrolla explicaciones plausibles sobre lo que denominados \u201clo mental\u201d.<\/p>\n<p><br \/>Ahora bien, como la psicolog\u00eda cr\u00edtica es una corriente que se caracteriza por su inclinaci\u00f3n hacia la cr\u00edtica y el an\u00e1lisis profundo, en el contexto de la psicolog\u00eda social latinoamericana, esta tendencia ha sido notable.\u00a0<\/p>\n<p><br \/>La psicolog\u00eda cr\u00edtica implica analizar modelos te\u00f3ricos, conceptos e interpretaciones relacionados con fen\u00f3menos psicol\u00f3gicos o circunstancias bajo estudio e incluso la forma como el psic\u00f3logo \u201ctiende\u201d a abordar dichas problem\u00e1ticas sociales. Se busca demostrar sus modos de construcci\u00f3n, contradicciones, coherencia y los intereses subyacentes en una teor\u00eda o propuesta, adem\u00e1s de evaluar sus fortalezas y debilidades.<\/p>\n<p><br \/>En la producci\u00f3n contempor\u00e1nea de la Psicolog\u00eda Social Latinoamericana (desde finales de los ochenta hasta a\u00f1os recientes), se han analizado trabajos de psicolog\u00eda social comunitaria y psicolog\u00eda pol\u00edtica. Estos abordan temas como identidad, poder, exclusi\u00f3n y legitimidad social.<\/p>\n<p><br \/>Desde una acera distinta pero cercana, la Teor\u00eda Cr\u00edtica es un conjunto de perspectivas en filosof\u00eda y ciencias sociales que busca estudiar lo social para cambiarlo; no s\u00f3lo se cuestiona el status quo sino que incluso se busca transformar las estructuras sociales y las relaciones de poder.<\/p>\n<p><br \/>Entonces, se trata de una invitaci\u00f3n a reflexionar sobre las bases te\u00f3ricas, los contextos culturales y las implicaciones ideol\u00f3gicas en nuestro entendimiento de la mente y el comportamiento humano, al tiempo que se propende por comprender y transformar nuestra sociedad, especialmente la latinoamericana.<\/p>\t\t\t\t\t\t<\/div>\n\t\t\t\t<\/div>\n\t\t\t\t\t<\/div>\n\t\t<\/div>\n\t\t\t\t<div class=\"elementor-column elementor-col-33 elementor-top-column elementor-element elementor-element-31d0f3c\" data-id=\"31d0f3c\" data-element_type=\"column\">\n\t\t\t<div class=\"elementor-widget-wrap elementor-element-populated\">\n\t\t\t\t\t\t\t\t<div class=\"elementor-element elementor-element-416be25 elementor-widget elementor-widget-image\" data-id=\"416be25\" data-element_type=\"widget\" data-widget_type=\"image.default\">\n\t\t\t\t<div class=\"elementor-widget-container\">\n\t\t\t\t\t\t\t\t\t\t\t\t\t\t\t<img width=\"533\" height=\"153\" src=\"https:\/\/www.revista.investigacion-kankei.com\/wp-content\/uploads\/2022\/11\/cropped-logo-kankei-transparente.png\" class=\"attachment-large size-large\" alt=\"\" loading=\"lazy\" srcset=\"https:\/\/www.revista.investigacion-kankei.com\/wp-content\/uploads\/2022\/11\/cropped-logo-kankei-transparente.png 533w, https:\/\/www.revista.investigacion-kankei.com\/wp-content\/uploads\/2022\/11\/cropped-logo-kankei-transparente-300x86.png 300w\" sizes=\"(max-width: 533px) 100vw, 533px\" \/>\t\t\t\t\t\t\t\t\t\t\t\t\t\t\t<\/div>\n\t\t\t\t<\/div>\n\t\t\t\t\t<\/div>\n\t\t<\/div>\n\t\t\t\t\t\t\t<\/div>\n\t\t<\/section>\n\t\t\t\t\t\t<\/div>\n\t\t\t\t\t<\/div>\n\t\t","protected":false},"excerpt":{"rendered":"<p>Psicolog\u00eda y sociedad teor\u00edas, cr\u00edticas y perspectivas. \u00a0Editor invitado: Juan Sebasti\u00e1n Casta\u00f1eda Soto La psicolog\u00eda&#8230;<\/p>\n","protected":false},"author":1,"featured_media":0,"parent":0,"menu_order":0,"comment_status":"closed","ping_status":"closed","template":"","meta":[],"_links":{"self":[{"href":"https:\/\/www.revista.investigacion-kankei.com\/index.php?rest_route=\/wp\/v2\/pages\/55"}],"collection":[{"href":"https:\/\/www.revista.investigacion-kankei.com\/index.php?rest_route=\/wp\/v2\/pages"}],"about":[{"href":"https:\/\/www.revista.investigacion-kankei.com\/index.php?rest_route=\/wp\/v2\/types\/page"}],"author":[{"embeddable":true,"href":"https:\/\/www.revista.investigacion-kankei.com\/index.php?rest_route=\/wp\/v2\/users\/1"}],"replies":[{"embeddable":true,"href":"https:\/\/www.revista.investigacion-kankei.com\/index.php?rest_route=%2Fwp%2Fv2%2Fcomments&post=55"}],"version-history":[{"count":11,"href":"https:\/\/www.revista.investigacion-kankei.com\/index.php?rest_route=\/wp\/v2\/pages\/55\/revisions"}],"predecessor-version":[{"id":357,"href":"https:\/\/www.revista.investigacion-kankei.com\/index.php?rest_route=\/wp\/v2\/pages\/55\/revisions\/357"}],"wp:attachment":[{"href":"https:\/\/www.revista.investigacion-kankei.com\/index.php?rest_route=%2Fwp%2Fv2%2Fmedia&parent=55"}],"curies":[{"name":"wp","href":"https:\/\/api.w.org\/{rel}","templated":true}]}}