{"id":69,"date":"2022-11-09T22:18:45","date_gmt":"2022-11-09T22:18:45","guid":{"rendered":"https:\/\/www.revista.investigacion-kankei.com\/?page_id=69"},"modified":"2023-04-26T01:02:10","modified_gmt":"2023-04-26T01:02:10","slug":"sobre-la-revista","status":"publish","type":"page","link":"https:\/\/www.revista.investigacion-kankei.com\/?page_id=69","title":{"rendered":"Sobre la revista"},"content":{"rendered":"\t\t<div data-elementor-type=\"wp-page\" data-elementor-id=\"69\" class=\"elementor elementor-69\" data-elementor-settings=\"[]\">\n\t\t\t\t\t\t\t<div class=\"elementor-section-wrap\">\n\t\t\t\t\t\t\t<section class=\"elementor-section elementor-top-section elementor-element elementor-element-c612cb7 elementor-section-boxed elementor-section-height-default elementor-section-height-default\" data-id=\"c612cb7\" data-element_type=\"section\">\n\t\t\t\t\t\t<div class=\"elementor-container elementor-column-gap-default\">\n\t\t\t\t\t<div class=\"elementor-column elementor-col-100 elementor-top-column elementor-element elementor-element-de455f4\" data-id=\"de455f4\" data-element_type=\"column\">\n\t\t\t<div class=\"elementor-widget-wrap elementor-element-populated\">\n\t\t\t\t\t\t\t\t<div class=\"elementor-element elementor-element-54f0349 elementor-widget elementor-widget-spacer\" data-id=\"54f0349\" data-element_type=\"widget\" data-widget_type=\"spacer.default\">\n\t\t\t\t<div class=\"elementor-widget-container\">\n\t\t\t\t\t<div class=\"elementor-spacer\">\n\t\t\t<div class=\"elementor-spacer-inner\"><\/div>\n\t\t<\/div>\n\t\t\t\t<\/div>\n\t\t\t\t<\/div>\n\t\t\t\t\t<\/div>\n\t\t<\/div>\n\t\t\t\t\t\t\t<\/div>\n\t\t<\/section>\n\t\t\t\t<section class=\"elementor-section elementor-top-section elementor-element elementor-element-3bdb377 elementor-section-boxed elementor-section-height-default elementor-section-height-default\" data-id=\"3bdb377\" data-element_type=\"section\">\n\t\t\t\t\t\t<div class=\"elementor-container elementor-column-gap-default\">\n\t\t\t\t\t<div class=\"elementor-column elementor-col-100 elementor-top-column elementor-element elementor-element-e91a6d1\" data-id=\"e91a6d1\" data-element_type=\"column\">\n\t\t\t<div class=\"elementor-widget-wrap elementor-element-populated\">\n\t\t\t\t\t\t\t\t<div class=\"elementor-element elementor-element-5394590 elementor-widget elementor-widget-heading\" data-id=\"5394590\" data-element_type=\"widget\" data-widget_type=\"heading.default\">\n\t\t\t\t<div class=\"elementor-widget-container\">\n\t\t\t<h2 class=\"elementor-heading-title elementor-size-default\"><em><strong>KANKEI, Revista sobre familia e interacci\u00f3n social<\/strong><\/em><\/h2>\t\t<\/div>\n\t\t\t\t<\/div>\n\t\t\t\t\t<\/div>\n\t\t<\/div>\n\t\t\t\t\t\t\t<\/div>\n\t\t<\/section>\n\t\t\t\t<section class=\"elementor-section elementor-top-section elementor-element elementor-element-75c5bb03 elementor-section-boxed elementor-section-height-default elementor-section-height-default\" data-id=\"75c5bb03\" data-element_type=\"section\">\n\t\t\t\t\t\t<div class=\"elementor-container elementor-column-gap-default\">\n\t\t\t\t\t<div class=\"elementor-column elementor-col-100 elementor-top-column elementor-element elementor-element-63d0e08e\" data-id=\"63d0e08e\" data-element_type=\"column\">\n\t\t\t<div class=\"elementor-widget-wrap elementor-element-populated\">\n\t\t\t\t\t\t\t\t<div class=\"elementor-element elementor-element-15f2420c elementor-widget elementor-widget-text-editor\" data-id=\"15f2420c\" data-element_type=\"widget\" data-widget_type=\"text-editor.default\">\n\t\t\t\t<div class=\"elementor-widget-container\">\n\t\t\t\t\t\t\t<p><!-- wp:paragraph --><\/p>\n<p><em><strong>KANKEI, Revista sobre familia e interacci\u00f3n social<\/strong><\/em>, es una publicaci\u00f3n del Grupo KANKEI, fruto del inter\u00e9s cient\u00edfico del Grupo de Investigaci\u00f3n Interdisciplinar \u201cPerspectiva psicojur\u00eddica del conflicto, la violencia y otras interacciones humanas\u201d, con sede en la ciudad Bogot\u00e1, D.C. (Colombia).\u00a0 La\u00a0<em><strong>Revista KANKEI<\/strong><\/em>, no tiene un amplio espectro tem\u00e1tico, pero s\u00ed variedad te\u00f3rico-conceptual y metodol\u00f3gico-investigativa, haciendo \u00e9nfasis en las reflexiones, descripciones y explicaciones sobre la interacci\u00f3n social, especialmente las que se dan en el n\u00facleo familiar, sin desconocer que el individuo en s\u00ed mismo es una especie de sistema complejo que vive en interacci\u00f3n con contextos cercanos y lejanos, sobre los cuales influye, es retroalimentado y recibe influencia. En esta interacci\u00f3n, surge el conflicto y la violencia, pero al mismo tiempo, desde las interacciones, los contextos las herramientas y las necesidades, surgen las \u201csoluciones\u201d frente a la violencia y los \u201cdi\u00e1logos\u201d frente al conflicto.<\/p>\n<p>\u00a0<\/p>\n<p><!-- \/wp:paragraph --><\/p>\n<p><!-- wp:paragraph --><\/p>\n<p>Por esto, la\u00a0<em><strong>Revista KANKEI<\/strong><\/em>, es una publicaci\u00f3n de car\u00e1cter general y pluralista que acepta para su estudio y publicaci\u00f3n trabajos fruto de la disertaci\u00f3n e informes de investigaci\u00f3n provenientes de las diversas ciencias y de los distintos campos profesionales, siempre y cuando apunten a una de tres \u00e1reas b\u00e1sicas: el individuo, la familia y la interacci\u00f3n social. Tales aportes pueden ser directos o indirectos a una cualquiera de estas amplias \u00e1reas b\u00e1sica. Se espera que los aportes a la Revista provengan primordialmente de: Ciencias de la salud; Ciencias de la educaci\u00f3n; Econom\u00eda, Administraci\u00f3n, Contadur\u00eda y afines; Ingenier\u00eda, Arquitectura, Urbanismo y afines; Matem\u00e1ticas y Ciencias naturales; Ciencias sociales y humanas; Bellas artes.<\/p>\n<p><!-- \/wp:paragraph --><\/p>\n<p><!-- wp:paragraph --><\/p>\n<p><em><strong>\u00a0<\/strong><\/em><\/p>\n<p><em><strong>KANKEI, Revista sobre familia e interacci\u00f3n social<\/strong><\/em>, publica art\u00edculos originales de investigaci\u00f3n y de revisi\u00f3n, contribuciones te\u00f3ricas, avances metodol\u00f3gicos, lecciones jur\u00eddicas, disertaciones estudiantiles, entre otras, dispuestas en n\u00fameros semestrales con m\u00ednimo tres (3) art\u00edculos. Adem\u00e1s, se prev\u00e9 la edici\u00f3n de n\u00fameros especiales correspondientes con alguno de los tres (3) ejes tem\u00e1ticos espec\u00edficos de la Revista, pero tambi\u00e9n relacionados con las cinco (5) l\u00edneas de investigaci\u00f3n del Grupo de Investigaci\u00f3n Interdisciplinar \u201cPerspectiva psicojur\u00eddica del conflicto, la violencia y otras interacciones humanas\u201d: Adicciones, patolog\u00eda dual y violencia; Contribuciones desde la psicolog\u00eda criminol\u00f3gica y victimol\u00f3gica; Explicaciones desde la psicolog\u00eda y otras ciencias forenses; Fen\u00f3menos psicosociales y conflicto familiar; Sociolog\u00eda y neuropsicolog\u00eda del maltrato.<\/p>\n<p><!-- \/wp:paragraph --><\/p>\n<p><!-- wp:paragraph --><\/p>\n<p>\u00a0<\/p>\n<p>Son invitados a publicar en la\u00a0<em><strong>Revista KANKEI<\/strong><\/em>, autores provenientes de todo el mundo mientras presenten a evaluaci\u00f3n art\u00edculos preferiblemente en espa\u00f1ol, ingl\u00e9s o portugu\u00e9s, aunque no se desestimar\u00e1n los documentos originales escritos en franc\u00e9s o italiano. La\u00a0<em><strong>Revista KANKEI<\/strong><\/em>, eval\u00faa cada art\u00edculo propuesto a trav\u00e9s de un Par Acad\u00e9mico, nacional o internacional, experto en el \u00e1rea, enfoque o \u00e9nfasis que gu\u00eda la disertaci\u00f3n o investigaci\u00f3n sometida a revisi\u00f3n. Los Pares Acad\u00e9micos ser\u00e1n nombrados por el Comit\u00e9 Editorial seg\u00fan sugerencia del Comit\u00e9 \u00c9tico Cient\u00edfico, pero guardando el anonimato tanto del par como del autor (proceso de doble ciego). Cualquier controversia surgida por raz\u00f3n de la evaluaci\u00f3n de una disertaci\u00f3n o investigaci\u00f3n sometida a revisi\u00f3n, ser\u00e1 dirimida por un (1) miembro del Comit\u00e9 \u00c9tico Cient\u00edfico y dos (2) del Comit\u00e9 Editorial quienes conformar\u00e1n un tribunal decisorio.<\/p>\n<p><!-- \/wp:paragraph --><\/p>\n<p><!-- wp:paragraph --><\/p>\n<p><em><strong>\u00a0<\/strong><\/em><\/p>\n<p><em><strong>KANKEI, Revista sobre familia e interacci\u00f3n social<\/strong><\/em>, proyecta convertirse en fuente de consulta internacional sobre las tem\u00e1ticas relacionadas con el individuo entendido como un sistema complejo, la interacci\u00f3n social y especialmente la familia como n\u00facleo de la sociedad, por lo cual actualmente se encuentra interesada en cumplir los requerimientos t\u00e9cnicos, metodol\u00f3gicos y cient\u00edficos que le permitan indexarse en los m\u00e1s importantes repositorios de revistas del mundo, especialmente los de habla espa\u00f1ola, inglesa y portuguesa.<\/p>\n<p><!-- \/wp:paragraph --><\/p>\n<p><!-- wp:paragraph --><\/p>\n<p>\u00a0<\/p>\n<p>Una vez sea aprobado para publicaci\u00f3n, cualquier art\u00edculo o disertaci\u00f3n, sin importar el idioma, el autor o su procedencia institucional o formaci\u00f3n profesional,\u00a0<em><strong>KANKEI, Revista sobre familia e interacci\u00f3n social<\/strong><\/em>, se reserva el derecho de reproducir en otros medios electr\u00f3nicos o impresos los art\u00edculos que son publicados en cada n\u00famero y volumen de la revista.<\/p>\n<p><!-- \/wp:paragraph --><\/p>\n<p><!-- wp:paragraph --><\/p>\n<p><em><strong>\u00a0<\/strong><\/em><\/p>\n<p><em><strong>Jorge Erwin Camacho Galindo<\/strong><\/em><\/p>\n<p><!-- \/wp:paragraph --><\/p>\n<p><!-- wp:paragraph --><\/p>\n<p><em><strong>Editor Revista KANKEI<\/strong><\/em><\/p>\n<p><!-- \/wp:paragraph --><\/p>\t\t\t\t\t\t<\/div>\n\t\t\t\t<\/div>\n\t\t\t\t\t<\/div>\n\t\t<\/div>\n\t\t\t\t\t\t\t<\/div>\n\t\t<\/section>\n\t\t\t\t\t\t<\/div>\n\t\t\t\t\t<\/div>\n\t\t","protected":false},"excerpt":{"rendered":"<p>KANKEI, Revista sobre familia e interacci\u00f3n social KANKEI, Revista sobre familia e interacci\u00f3n social, es&#8230;<\/p>\n","protected":false},"author":1,"featured_media":0,"parent":0,"menu_order":0,"comment_status":"closed","ping_status":"closed","template":"","meta":[],"_links":{"self":[{"href":"https:\/\/www.revista.investigacion-kankei.com\/index.php?rest_route=\/wp\/v2\/pages\/69"}],"collection":[{"href":"https:\/\/www.revista.investigacion-kankei.com\/index.php?rest_route=\/wp\/v2\/pages"}],"about":[{"href":"https:\/\/www.revista.investigacion-kankei.com\/index.php?rest_route=\/wp\/v2\/types\/page"}],"author":[{"embeddable":true,"href":"https:\/\/www.revista.investigacion-kankei.com\/index.php?rest_route=\/wp\/v2\/users\/1"}],"replies":[{"embeddable":true,"href":"https:\/\/www.revista.investigacion-kankei.com\/index.php?rest_route=%2Fwp%2Fv2%2Fcomments&post=69"}],"version-history":[{"count":13,"href":"https:\/\/www.revista.investigacion-kankei.com\/index.php?rest_route=\/wp\/v2\/pages\/69\/revisions"}],"predecessor-version":[{"id":183,"href":"https:\/\/www.revista.investigacion-kankei.com\/index.php?rest_route=\/wp\/v2\/pages\/69\/revisions\/183"}],"wp:attachment":[{"href":"https:\/\/www.revista.investigacion-kankei.com\/index.php?rest_route=%2Fwp%2Fv2%2Fmedia&parent=69"}],"curies":[{"name":"wp","href":"https:\/\/api.w.org\/{rel}","templated":true}]}}