{"id":99,"date":"2022-11-10T02:00:58","date_gmt":"2022-11-10T02:00:58","guid":{"rendered":"https:\/\/www.revista.investigacion-kankei.com\/?page_id=99"},"modified":"2022-11-10T02:49:03","modified_gmt":"2022-11-10T02:49:03","slug":"problematicas-familiares-en-colombia","status":"publish","type":"page","link":"https:\/\/www.revista.investigacion-kankei.com\/?page_id=99","title":{"rendered":"Problem\u00e1ticas familiares en Colombia"},"content":{"rendered":"\n<p>La familia en Colombia est\u00e1 al borde del abismo. Mientras se transforma para ponerse a tono con los nuevos cambios sociales y econ\u00f3micos del pa\u00eds, transita por la cuerda floja de la inestabilidad de pareja, al tiempo que los hijos se asoman a la hondura de la pobreza, menor acceso a la educaci\u00f3n o mayor riesgo de enfermedad.<a rel=\"noreferrer noopener\" href=\"http:\/\/www.elpais.com.co\/elpais\/colombia\/noticias\/pobreza-y-desnutricion-raiz-otros-males-crisis-familiar\" target=\"_blank\">Lea tambi\u00e9n: Pobreza y desnutrici\u00f3n, ra\u00edz de otros males de la crisis familiar.&nbsp;<\/a>Esta lectura se desprende del estudio Mapa Mundial de la Familia 2014, realizado por las entidades Child Trends, Social Trends Institute y ocho universidades del mundo, incluida la de La Sabana por Colombia.La investigaci\u00f3n analiza indicadores de 49 pa\u00edses, incluido Colombia. Y su croquis no es el mejor: El 55 % de los ni\u00f1os del pa\u00eds viven con adultos diferentes a sus padres, haci\u00e9ndolos vulnerables a la violencia, hacinamiento y abusos. Un 11 % viven sin sus dos padres. El 84 % de los beb\u00e9s nacen de madres solteras y es el pa\u00eds donde m\u00e1s crece la uni\u00f3n libre (35 %) y cae el matrimonio (19 %).Y toda esta inestabilidad familiar, golpea a los hijos. \u0093Tenemos las tasas m\u00e1s altas de ni\u00f1os que viven sin sus dos padres (solo superada por algunas naciones africanas), la de gente que menos se casa y de beb\u00e9s que nacen fuera del matrimonio\u0094, resume Pablo Andr\u00e9s Salazar, profesor del Instituto de La Familia de la Universidad de La Sabana e investigador por Colombia. \u00bfC\u00f3mo impacta esto a la sociedad? Con la separaci\u00f3n de los padres, habr\u00e1 menos ingresos familiares y se reflejar\u00e1 en m\u00e1s desnutrici\u00f3n y menos crecimiento, m\u00e1s enfermedades y menor acceso a la educaci\u00f3n; m\u00e1s desprotecci\u00f3n y menos cuidadores. Y lo m\u00e1s grave, menos afecto para un normal desarrollo sicosocial.\u0093La menor proporci\u00f3n del mundo de parejas que se casan, sea por una iglesia o por lo civil, indica una mayor vulnerabilidad para los ni\u00f1os porque tienen una mayor probabilidad de que vean a sus padres separados\u0094, indica Salazar. Igualmente se\u00f1ala que diversos estudios muestran c\u00f3mo se reducen los recursos econ\u00f3micos que tienen los ni\u00f1os cuando la uni\u00f3n de la pareja se va al traste. \u0093Dicho de otra manera m\u00e1s simple: la separaci\u00f3n y el divorcio empobrecen\u0094, sentencia.En cambio, los ni\u00f1os que viven con ambos padres, van a tener redes de apoyo m\u00e1s s\u00f3lidas, como las de su familia extensa, materna y paterna. \u0093Los ni\u00f1os que tienen una vida m\u00e1s estable presentan mejores rendimientos acad\u00e9micos y desarrollos en su socializaci\u00f3n, en lo sicosocial y en lo sicoafectivo\u0094, afirma Salazar.No significa que a un ni\u00f1o o ni\u00f1a, aclara, que viva solo con el padre o la madre, necesariamente le va a ir mal. Los sic\u00f3logos en el informe aclaran que la estabilidad puede resultar beneficiosa para los ni\u00f1os cuando sus progenitores disfrutan de relaciones sanas y arm\u00f3nicas, pero perjudicial si por el contrario son muy conflictivas. De hecho, la violencia intrafamiliar contra la mujer es de los mayores motivos de separaci\u00f3n de parejas. Para la psic\u00f3loga Victoria Cabrera, profesora del Instituto de la Familia de la Universidad de La Sabana, lo importante es que la nueva estructura familiar que se est\u00e1 consolidando tenga una funcionalidad tal, que contribuya al crecimiento y desarrollo armonioso de quienes la integran. \u0093Lo importante es que esos lazos familiares sean cada vez m\u00e1s s\u00f3lidos, m\u00e1s estables, con un v\u00ednculo afectivo m\u00e1s fuerte, de tal manera que cuando se presente una adversidad, las personas cuenten con esa persona de la familia que la apoya y que impide que se sienta solo\u0094, sostiene.Separaciones, en alza La psic\u00f3loga Victoria Cabrera menciona que una de las causas de tanta separaci\u00f3n es que la gente no quiere asumir sus responsabilidades familiares. \u0093Para evadir el compromiso que implican los v\u00ednculos familiares, pretenden buscar otra organizaci\u00f3n con nuevos v\u00ednculos afectivos abandonando los previos\u0094, sostiene como causa de tantos hogares uniparentales (con solo madre o padre).Otros casos obedecen al conflicto que vive Colombia, hay pap\u00e1s que mueren previamente, o se tienen que desplazar a trabajar a otras ciudades.Les pasa a doce adolescentes que albergan y sostienen los frailes de la Comunidad Cat\u00f3lica Luz de Cristo en el Hogar San Jos\u00e9 del barrio Alfonso Bonilla Arag\u00f3n. A uno la guerrilla le asesin\u00f3 la mam\u00e1. A otro, el padrastro e<\/p>\n","protected":false},"excerpt":{"rendered":"<p>La familia en Colombia est\u00e1 al borde del abismo. Mientras se transforma para ponerse a&#8230;<\/p>\n","protected":false},"author":1,"featured_media":0,"parent":0,"menu_order":0,"comment_status":"closed","ping_status":"closed","template":"","meta":[],"_links":{"self":[{"href":"https:\/\/www.revista.investigacion-kankei.com\/index.php?rest_route=\/wp\/v2\/pages\/99"}],"collection":[{"href":"https:\/\/www.revista.investigacion-kankei.com\/index.php?rest_route=\/wp\/v2\/pages"}],"about":[{"href":"https:\/\/www.revista.investigacion-kankei.com\/index.php?rest_route=\/wp\/v2\/types\/page"}],"author":[{"embeddable":true,"href":"https:\/\/www.revista.investigacion-kankei.com\/index.php?rest_route=\/wp\/v2\/users\/1"}],"replies":[{"embeddable":true,"href":"https:\/\/www.revista.investigacion-kankei.com\/index.php?rest_route=%2Fwp%2Fv2%2Fcomments&post=99"}],"version-history":[{"count":2,"href":"https:\/\/www.revista.investigacion-kankei.com\/index.php?rest_route=\/wp\/v2\/pages\/99\/revisions"}],"predecessor-version":[{"id":139,"href":"https:\/\/www.revista.investigacion-kankei.com\/index.php?rest_route=\/wp\/v2\/pages\/99\/revisions\/139"}],"wp:attachment":[{"href":"https:\/\/www.revista.investigacion-kankei.com\/index.php?rest_route=%2Fwp%2Fv2%2Fmedia&parent=99"}],"curies":[{"name":"wp","href":"https:\/\/api.w.org\/{rel}","templated":true}]}}